{"id":1183,"date":"2026-03-26T15:11:32","date_gmt":"2026-03-26T14:11:32","guid":{"rendered":"https:\/\/miclogartenbau.ch\/startseite\/"},"modified":"2026-04-24T18:24:10","modified_gmt":"2026-04-24T16:24:10","slug":"startseite","status":"publish","type":"page","link":"https:\/\/miclogartenbau.ch\/de\/","title":{"rendered":"Startseite"},"content":{"rendered":"<ul>\n<li>\n<p>        <img decoding=\"async\" src=\"\/wp-content\/uploads\/2026\/02\/20190419_122145-scaled.jpg\" alt=\"\"><\/p>\n<h1>Exklusive Pools &#038; G\u00e4rten \u2014 Region Basel<\/h1>\n<div>\n<p>18 Jahre Erfahrung im Poolbau und in der Landschaftsgestaltung<\/p>\n<\/div>\n<p><a href=\"https:\/\/miclogartenbau.ch\/de\/kontakt\/\">Projekt starten<\/a><\/p>\n<\/li>\n<li>\n<p>        <img decoding=\"async\" src=\"\/wp-content\/uploads\/2024\/05\/IMG_2003.jpg\" alt=\"\"><\/p>\n<p>Exklusive Pools &#038; G\u00e4rten \u2014 Region Basel<\/p>\n<div>\n<p>18 Jahre Erfahrung im Poolbau und in der Landschaftsgestaltung<\/p>\n<\/div>\n<p><a href=\"https:\/\/miclogartenbau.ch\/de\/kontakt\/\">Projekt starten<\/a><\/p>\n<\/li>\n<li>\n<p>        <img decoding=\"async\" src=\"\/wp-content\/uploads\/2024\/02\/Miclo-Swimmbadbau-Basel-Bild15-scaled-1.jpg\" alt=\"\"><\/p>\n<p>Exklusive Pools &#038; G\u00e4rten \u2014 Region Basel<\/p>\n<div>\n<p>18 Jahre Erfahrung im Poolbau und in der Landschaftsgestaltung<\/p>\n<\/div>\n<p><a href=\"https:\/\/miclogartenbau.ch\/de\/kontakt\/\">Projekt starten<\/a><\/p>\n<\/li>\n<li>\n<p>        <img decoding=\"async\" src=\"\/wp-content\/uploads\/2024\/02\/Miclo-Swimmbadbau-Basel-Bild7-1-scaled.jpg\" alt=\"\"><\/p>\n<p>Exklusive Pools &#038; G\u00e4rten \u2014 Region Basel<\/p>\n<div>\n<p>18 Jahre Erfahrung im Poolbau und in der Landschaftsgestaltung<\/p>\n<\/div>\n<p><a href=\"https:\/\/miclogartenbau.ch\/de\/kontakt\/\">Projekt starten<\/a><\/p>\n<\/li>\n<li>\n<p>        <img decoding=\"async\" src=\"\/wp-content\/uploads\/2026\/02\/20230628_153225-scaled.jpg\" alt=\"\"><\/p>\n<p>Exklusive Pools &#038; G\u00e4rten \u2014 Region Basel<\/p>\n<div>\n<p>18 Jahre Erfahrung im Poolbau und in der Landschaftsgestaltung<\/p>\n<\/div>\n<p><a href=\"https:\/\/miclogartenbau.ch\/de\/kontakt\/\">Projekt starten<\/a><\/p>\n<\/li>\n<\/ul>\n<h2>Miclo Gartenbau \u2014 Pools &amp; Landschaftsbau<\/h2>\n<div>\n<p>Mit \u00fcber 30 Jahren Erfahrung und Leidenschaft gr\u00fcndete Marc Miclo im Jahr 2008 Miclo Gartenbau. Als diplomierter Landschaftsg\u00e4rtner und G\u00e4rtner hat er sich auf den Bau von Natursteinpools sowie die Gestaltung exklusiver G\u00e4rten spezialisiert.<\/p>\n<\/div>\n<p><img decoding=\"async\" src=\"\/wp-content\/uploads\/2026\/03\/3.png\" alt=\"\"><\/p>\n<h2>Gr\u00fcnanlagen<\/h2>\n<div>\n<p style=\"text-align: center;\">Gestaltung exklusiver G\u00e4rten, Terrassen, Natursteinwege, Bepflanzung, Gartenpflege und automatische Bew\u00e4sserungssysteme.<\/p>\n<\/div>\n<p>\n    <a href=\"https:\/\/miclogartenbau.ch\/de\/gartengestaltung\/\">Entdecken Sie unsere Leistungen<\/a>\n<\/p>\n<p><img decoding=\"async\" src=\"\/wp-content\/uploads\/2026\/03\/Artboard-5.png\" alt=\"\"><\/p>\n<h2>Pools<\/h2>\n<div>\n<p style=\"text-align: center;\">Betonpools mit Natursteinverkleidung. \u00dcberlauf-, Spiegel- oder klassische Pools, komplett ma\u00dfgefertigt.<\/p>\n<\/div>\n<p>\n    <a href=\"https:\/\/miclogartenbau.ch\/de\/piscines\/\">Entdecken Sie unsere Pools<\/a>\n<\/p>\n<p><img decoding=\"async\" src=\"\/wp-content\/uploads\/2024\/05\/IMG_2016.jpg\" alt=\"\"><\/p>\n<h2>Natursteinpools<\/h2>\n<div>\n<p>Naturstein ist ein edles, 100 % \u00f6kologisches und langlebiges Material. Er \u00fcberzeugt durch eine hochwertige Optik und sorgt dauerhaft f\u00fcr ein beeindruckendes Ergebnis.<\/p>\n<p>Die Wasserfarbe ver\u00e4ndert sich je nach Wetter und Licht. Nur ein Natursteinpool bietet diesen einzigartigen Effekt.<\/p>\n<\/div>\n<h3>18+<\/h3>\n<div>\n<p style=\"text-align: center;\">JAHRE ERFAHRUNG<\/p>\n<\/div>\n<h3>100%<\/h3>\n<div>\n<p style=\"text-align: center;\">MASSANFERTIGUNG<\/p>\n<\/div>\n<h2>Unsere Philosophie<\/h2>\n<div>\n<p>\u201eJedes Projekt ist einzigartig, gemeinsam mit Ihnen und f\u00fcr Sie gestaltet. Die Gartengestaltung ist das Herz unseres Handwerks, der Natursteinpool unsere Signatur. Gemeinsam schaffen wir einen Garten, der zu Ihnen passt.\u201c<\/p>\n<\/div>\n<div>\n<p>\u2014 Marc Miclo, CEO &amp; Gr\u00fcnder<\/p>\n<\/div>\n<h2>\n<p>Bereit, Ihr Projekt zu realisieren?<\/p>\n<\/h2>\n<div>\n<p>Kontaktieren Sie uns f\u00fcr eine kostenlose Beratung und erfahren Sie, wie wir Ihren Au\u00dfenbereich verwandeln k\u00f6nnen.<\/p>\n<\/div>\n<p>\n    <a href=\"https:\/\/miclogartenbau.ch\/de\/kontakt\/\">Kontaktieren Sie uns<\/a>\n<\/p>\n<p><!--more--><br \/>\n<!-- {\"type\":\"layout\",\"children\":[{\"type\":\"section\",\"props\":{\"header_transparent\":true,\"header_transparent_text_color\":\"light\",\"image_position\":\"center-center\",\"overlap\":true,\"padding\":\"none\",\"padding_remove_horizontal\":false,\"preserve_color\":false,\"style\":\"primary\",\"title_breakpoint\":\"xl\",\"title_position\":\"top-left\",\"title_rotation\":\"left\",\"vertical_align\":\"middle\",\"width\":\"\"},\"children\":[{\"type\":\"row\",\"props\":{\"margin\":\"remove-vertical\"},\"children\":[{\"type\":\"column\",\"props\":{\"image_position\":\"center-center\",\"position_sticky_breakpoint\":\"m\",\"width_medium\":\"1-1\"},\"children\":[{\"type\":\"slideshow\",\"props\":{\"content_style\":\"h6\",\"image_loading\":true,\"link_style\":\"primary\",\"link_text\":\"Read more\",\"margin\":\"\",\"meta_align\":\"below-title\",\"meta_element\":\"div\",\"meta_style\":\"h1\",\"nav\":\"dotnav\",\"nav_align\":\"center\",\"nav_breakpoint\":\"\",\"nav_position\":\"bottom-center\",\"nav_position_margin\":\"medium\",\"overlay_animation\":\"parallax\",\"overlay_container\":\"default\",\"overlay_position\":\"center\",\"show_content\":true,\"show_link\":true,\"show_meta\":true,\"show_thumbnail\":true,\"show_title\":true,\"slidenav\":\"default\",\"slidenav_breakpoint\":\"m\",\"slidenav_margin\":\"medium\",\"slidenav_outside_breakpoint\":\"xl\",\"slideshow_autoplay\":true,\"slideshow_autoplay_interval\":\"4\",\"slideshow_autoplay_pause\":true,\"slideshow_kenburns\":\"center-right\",\"slideshow_kenburns_duration\":\"10\",\"slideshow_max_height\":\"850\",\"slideshow_min_height\":\"600\",\"slideshow_velocity\":\"0.4\",\"text_color\":\"light\",\"thumbnav_height\":\"75\",\"thumbnav_svg_color\":\"emphasis\",\"thumbnav_width\":\"100\",\"title_element\":\"h1\",\"title_margin\":\"medium\",\"title_style\":\"h1\"},\"children\":[{\"type\":\"slideshow_item\",\"props\":{\"content\":\"\n\n<p>18 Jahre Erfahrung im Poolbau und in der Landschaftsgestaltung<\\\/p>\",\"image\":\"wp-content\\\/uploads\\\/2026\\\/02\\\/20190419_122145-scaled.jpg\",\"link\":\"de\\\/kontakt\\\/\",\"link_text\":\"Projekt starten\",\"media_overlay\":\"rgba(0, 0, 0, 0.4)\",\"meta\":\"\",\"text_color\":\"light\",\"title\":\"Exklusive Pools & G\\u00e4rten \\u2014 Region Basel\"}},{\"type\":\"slideshow_item\",\"props\":{\"content\":\"\n\n<p>18 Jahre Erfahrung im Poolbau und in der Landschaftsgestaltung<\\\/p>\",\"image\":\"wp-content\\\/uploads\\\/2024\\\/05\\\/IMG_2003.jpg\",\"link\":\"de\\\/kontakt\\\/\",\"link_text\":\"Projekt starten\",\"media_overlay\":\"rgba(0, 0, 0, 0.4)\",\"meta\":\"Exklusive Pools & G\\u00e4rten \\u2014 Region Basel\",\"title\":\"\"}},{\"type\":\"slideshow_item\",\"props\":{\"content\":\"\n\n<p>18 Jahre Erfahrung im Poolbau und in der Landschaftsgestaltung<\\\/p>\",\"image\":\"wp-content\\\/uploads\\\/2024\\\/02\\\/Miclo-Swimmbadbau-Basel-Bild15-scaled-1.jpg\",\"link\":\"de\\\/kontakt\\\/\",\"link_text\":\"Projekt starten\",\"media_overlay\":\"rgba(0, 0, 0, 0.4)\",\"meta\":\"Exklusive Pools & G\\u00e4rten \\u2014 Region Basel\",\"title\":\"\"}},{\"type\":\"slideshow_item\",\"props\":{\"content\":\"\n\n<p>18 Jahre Erfahrung im Poolbau und in der Landschaftsgestaltung<\\\/p>\",\"image\":\"wp-content\\\/uploads\\\/2024\\\/02\\\/Miclo-Swimmbadbau-Basel-Bild7-1-scaled.jpg\",\"link\":\"de\\\/kontakt\\\/\",\"link_text\":\"Projekt starten\",\"media_overlay\":\"rgba(0, 0, 0, 0.4)\",\"meta\":\"Exklusive Pools & G\\u00e4rten \\u2014 Region Basel\",\"text_color\":\"light\",\"title\":\"\"}},{\"type\":\"slideshow_item\",\"props\":{\"content\":\"\n\n<p>18 Jahre Erfahrung im Poolbau und in der Landschaftsgestaltung<\\\/p>\",\"image\":\"wp-content\\\/uploads\\\/2026\\\/02\\\/20230628_153225-scaled.jpg\",\"link\":\"de\\\/kontakt\\\/\",\"link_text\":\"Projekt starten\",\"media_overlay\":\"rgba(0, 0, 0, 0.4)\",\"meta\":\"Exklusive Pools & G\\u00e4rten \\u2014 Region Basel\",\"text_color\":\"light\",\"title\":\"\"}}]}]}]}]},{\"type\":\"section\",\"props\":{\"image_position\":\"center-center\",\"style\":\"default\",\"title_breakpoint\":\"xl\",\"title_position\":\"top-left\",\"title_rotation\":\"left\",\"vertical_align\":\"middle\",\"width\":\"default\"},\"children\":[{\"type\":\"row\",\"children\":[{\"type\":\"column\",\"props\":{\"image_position\":\"center-center\",\"position_sticky_breakpoint\":\"m\"},\"children\":[{\"type\":\"headline\",\"props\":{\"content\":\"Miclo Gartenbau \\u2014 Pools &amp; Landschaftsbau\",\"text_align\":\"center\",\"title_color\":\"primary\",\"title_element\":\"h2\"}},{\"type\":\"text\",\"props\":{\"block_align\":\"center\",\"column_breakpoint\":\"m\",\"content\":\"\n\n<p>Mit \\u00fcber 30 Jahren Erfahrung und Leidenschaft gr\\u00fcndete Marc Miclo im Jahr 2008 Miclo Gartenbau. Als diplomierter Landschaftsg\\u00e4rtner und G\\u00e4rtner hat er sich auf den Bau von Natursteinpools sowie die Gestaltung exklusiver G\\u00e4rten spezialisiert.<\\\/p>\",\"margin\":\"default\",\"maxwidth\":\"2xlarge\",\"text_align\":\"center\"}}]}]}]},{\"type\":\"section\",\"props\":{\"image_position\":\"center-center\",\"style\":\"muted\",\"title_breakpoint\":\"xl\",\"title_position\":\"top-left\",\"title_rotation\":\"left\",\"vertical_align\":\"middle\",\"width\":\"default\"},\"children\":[{\"type\":\"row\",\"props\":{\"divider\":true,\"layout\":\"1-2,1-2\"},\"children\":[{\"type\":\"column\",\"props\":{\"image_position\":\"center-center\",\"position_sticky_breakpoint\":\"m\",\"width_medium\":\"1-2\"},\"children\":[{\"type\":\"image\",\"props\":{\"image\":\"wp-content\\\/uploads\\\/2026\\\/03\\\/3.png\",\"image_height\":100,\"image_svg_color\":\"emphasis\",\"image_width\":100,\"margin\":\"default\",\"text_align\":\"center\"}},{\"type\":\"headline\",\"props\":{\"content\":\"Gr\\u00fcnanlagen\",\"text_align\":\"center\",\"title_color\":\"primary\",\"title_element\":\"h2\"}},{\"type\":\"text\",\"props\":{\"block_align\":\"center\",\"column_breakpoint\":\"m\",\"content\":\"\n\n<p style=\\\"text-align: center;\\\">Gestaltung exklusiver G\\u00e4rten, Terrassen, Natursteinwege, Bepflanzung, Gartenpflege und automatische Bew\\u00e4sserungssysteme.<\\\/p>\",\"margin\":\"default\",\"maxwidth\":\"large\"}},{\"type\":\"button\",\"props\":{\"css\":\".el-content {\\nborder-radius:30px\\n}\",\"fullwidth\":false,\"grid_column_gap\":\"small\",\"grid_row_gap\":\"small\",\"margin\":\"default\",\"text_align\":\"center\"},\"children\":[{\"type\":\"button_item\",\"props\":{\"button_style\":\"primary\",\"content\":\"Entdecken Sie unsere Leistungen\",\"icon\":\"chevron-right\",\"icon_align\":\"left\",\"link\":\"paysagistes\\\/\"}}]}]},{\"type\":\"column\",\"props\":{\"image_position\":\"center-center\",\"position_sticky_breakpoint\":\"m\",\"width_medium\":\"1-2\"},\"children\":[{\"type\":\"image\",\"props\":{\"image\":\"wp-content\\\/uploads\\\/2026\\\/03\\\/Artboard-5.png\",\"image_height\":100,\"image_svg_color\":\"emphasis\",\"image_width\":100,\"margin\":\"default\",\"text_align\":\"center\"}},{\"type\":\"headline\",\"props\":{\"content\":\"Pools\",\"text_align\":\"center\",\"title_color\":\"primary\",\"title_element\":\"h2\"}},{\"type\":\"text\",\"props\":{\"block_align\":\"center\",\"column_breakpoint\":\"m\",\"content\":\"\n\n<p style=\\\"text-align: center;\\\">Betonpools mit Natursteinverkleidung. \\u00dcberlauf-, Spiegel- oder klassische Pools, komplett ma\\u00dfgefertigt.<\\\/p>\",\"margin\":\"default\",\"maxwidth\":\"large\"}},{\"type\":\"button\",\"props\":{\"css\":\".el-content {\\nborder-radius:30px\\n}\",\"fullwidth\":false,\"grid_column_gap\":\"small\",\"grid_row_gap\":\"small\",\"margin\":\"default\",\"text_align\":\"center\"},\"children\":[{\"type\":\"button_item\",\"props\":{\"button_style\":\"primary\",\"content\":\"Entdecken Sie unsere Pools\",\"icon\":\"chevron-right\",\"icon_align\":\"left\",\"link\":\"piscines\\\/\"}}]}]}]}]},{\"type\":\"section\",\"props\":{\"image_position\":\"center-center\",\"style\":\"default\",\"title_breakpoint\":\"xl\",\"title_position\":\"top-left\",\"title_rotation\":\"left\",\"vertical_align\":\"middle\",\"width\":\"default\"},\"children\":[{\"type\":\"row\",\"props\":{\"layout\":\"1-2,1-2\"},\"children\":[{\"type\":\"column\",\"props\":{\"image_position\":\"center-center\",\"position_sticky_breakpoint\":\"m\",\"width_medium\":\"1-2\"},\"children\":[{\"type\":\"image\",\"props\":{\"css\":\".el-image {\\n\\tborder-radius:35px;\\n}\",\"image\":\"wp-content\\\/uploads\\\/2024\\\/05\\\/IMG_2016.jpg\",\"image_svg_color\":\"emphasis\",\"margin\":\"default\"}}]},{\"type\":\"column\",\"props\":{\"image_position\":\"center-center\",\"position_sticky_breakpoint\":\"m\",\"width_medium\":\"1-2\"},\"children\":[{\"type\":\"headline\",\"props\":{\"content\":\"Natursteinpools\",\"title_color\":\"primary\",\"title_element\":\"h2\"}},{\"type\":\"text\",\"props\":{\"column_breakpoint\":\"m\",\"content\":\"\n\n<p>Naturstein ist ein edles, 100 % \\u00f6kologisches und langlebiges Material. Er \\u00fcberzeugt durch eine hochwertige Optik und sorgt dauerhaft f\\u00fcr ein beeindruckendes Ergebnis.<\\\/p>\\n\n\n<p>Die Wasserfarbe ver\\u00e4ndert sich je nach Wetter und Licht. Nur ein Natursteinpool bietet diesen einzigartigen Effekt.<\\\/p>\",\"margin\":\"default\"}},{\"type\":\"fragment\",\"props\":{\"margin\":\"default\"},\"children\":[{\"type\":\"row\",\"props\":{\"divider\":true,\"layout\":\"1-2,1-2\",\"width\":\"default\"},\"children\":[{\"type\":\"column\",\"props\":{\"image_position\":\"center-center\",\"position_sticky_breakpoint\":\"m\",\"width_medium\":\"1-2\"},\"children\":[{\"type\":\"headline\",\"props\":{\"content\":\"18+\",\"text_align\":\"center\",\"title_color\":\"primary\",\"title_element\":\"h3\"}},{\"type\":\"text\",\"props\":{\"column_breakpoint\":\"m\",\"content\":\"\n\n<p style=\\\"text-align: center;\\\">JAHRE ERFAHRUNG<\\\/p>\",\"margin\":\"default\"}}]},{\"type\":\"column\",\"props\":{\"image_position\":\"center-center\",\"position_sticky_breakpoint\":\"m\",\"width_medium\":\"1-2\"},\"children\":[{\"type\":\"headline\",\"props\":{\"content\":\"100%\",\"text_align\":\"center\",\"title_color\":\"primary\",\"title_element\":\"h3\"}},{\"type\":\"text\",\"props\":{\"column_breakpoint\":\"m\",\"content\":\"\n\n<p style=\\\"text-align: center;\\\">MASSANFERTIGUNG<\\\/p>\",\"margin\":\"default\"}}]}]}]}]}]}]},{\"type\":\"section\",\"props\":{\"image_position\":\"center-center\",\"style\":\"primary\",\"title_breakpoint\":\"xl\",\"title_position\":\"top-left\",\"title_rotation\":\"left\",\"vertical_align\":\"middle\",\"width\":\"default\"},\"children\":[{\"type\":\"row\",\"children\":[{\"type\":\"column\",\"props\":{\"image_position\":\"center-center\",\"position_sticky_breakpoint\":\"m\"},\"children\":[{\"type\":\"headline\",\"props\":{\"content\":\"Unsere Philosophie\",\"text_align\":\"center\",\"title_element\":\"h2\"}},{\"type\":\"text\",\"props\":{\"block_align\":\"center\",\"column_breakpoint\":\"m\",\"content\":\"\n\n<p>\\u201eJedes Projekt ist einzigartig, gemeinsam mit Ihnen und f\\u00fcr Sie gestaltet. Die Gartengestaltung ist das Herz unseres Handwerks, der Natursteinpool unsere Signatur. Gemeinsam schaffen wir einen Garten, der zu Ihnen passt.\\u201c<\\\/p>\",\"margin\":\"default\",\"maxwidth\":\"2xlarge\",\"text_align\":\"center\"}},{\"type\":\"text\",\"props\":{\"block_align\":\"center\",\"column_breakpoint\":\"m\",\"content\":\"\n\n<p>\\u2014 Marc Miclo, CEO &amp; Gr\\u00fcnder<\\\/p>\",\"margin\":\"default\",\"maxwidth\":\"2xlarge\",\"text_align\":\"center\"}}]}]}]},{\"type\":\"section\",\"props\":{\"image_position\":\"center-center\",\"style\":\"muted\",\"title_breakpoint\":\"xl\",\"title_position\":\"top-left\",\"title_rotation\":\"left\",\"vertical_align\":\"middle\",\"width\":\"default\"},\"children\":[{\"type\":\"row\",\"children\":[{\"type\":\"column\",\"props\":{\"image_position\":\"center-center\",\"position_sticky_breakpoint\":\"m\"},\"children\":[{\"type\":\"headline\",\"props\":{\"content\":\"\n\n<p>Bereit, Ihr Projekt zu realisieren?<\\\/p>\",\"text_align\":\"center\",\"title_color\":\"primary\",\"title_element\":\"h2\"}},{\"type\":\"text\",\"props\":{\"block_align\":\"center\",\"column_breakpoint\":\"m\",\"content\":\"\n\n<p>Kontaktieren Sie uns f\\u00fcr eine kostenlose Beratung und erfahren Sie, wie wir Ihren Au\\u00dfenbereich verwandeln k\\u00f6nnen.<\\\/p>\",\"margin\":\"default\",\"maxwidth\":\"2xlarge\",\"text_align\":\"center\"}},{\"type\":\"button\",\"props\":{\"button_size\":\"large\",\"css\":\".el-content {\\nborder-radius:30px\\n}\",\"grid_column_gap\":\"small\",\"grid_row_gap\":\"small\",\"margin\":\"default\",\"text_align\":\"center\"},\"children\":[{\"type\":\"button_item\",\"props\":{\"button_style\":\"primary\",\"content\":\"Kontaktieren Sie uns\",\"icon\":\"commenting\",\"icon_align\":\"left\",\"link\":\"de\\\/kontakt\\\/\"}}]}]}]}]}],\"version\":\"4.3.9\"} --><\/p>\n","protected":false},"excerpt":{"rendered":"<p>Exklusive Pools &#038; G\u00e4rten \u2014 Region Basel 18 Jahre Erfahrung im Poolbau und in der Landschaftsgestaltung Projekt starten Exklusive Pools &#038; G\u00e4rten \u2014 Region Basel 18 Jahre Erfahrung im Poolbau und in der Landschaftsgestaltung Projekt starten Exklusive Pools &#038; G\u00e4rten \u2014 Region Basel 18 Jahre Erfahrung im Poolbau und in der Landschaftsgestaltung Projekt starten Exklusive [&hellip;]<\/p>\n","protected":false},"author":2,"featured_media":0,"parent":0,"menu_order":0,"comment_status":"closed","ping_status":"closed","template":"","meta":{"footnotes":""},"class_list":["post-1183","page","type-page","status-publish","hentry"],"yoast_head":"<!-- This site is optimized with the Yoast SEO plugin v26.2 - https:\/\/yoast.com\/wordpress\/plugins\/seo\/ -->\n<title>Pools &amp; Landschaftsg\u00e4rtner Basel | Miclo Gartenbau<\/title>\n<meta name=\"description\" content=\"Construction de piscines en pierre naturelle et am\u00e9nagement paysager sur mesure. 18 ans d&#039;expertise dans la r\u00e9gion de B\u00e2le et en Suisse. Devis gratuit.\" \/>\n<meta name=\"robots\" content=\"index, follow, max-snippet:-1, max-image-preview:large, max-video-preview:-1\" \/>\n<link rel=\"canonical\" href=\"https:\/\/miclogartenbau.ch\/de\/\" \/>\n<meta property=\"og:locale\" content=\"de_DE\" \/>\n<meta property=\"og:type\" content=\"article\" \/>\n<meta property=\"og:title\" content=\"Pools &amp; Landschaftsg\u00e4rtner Basel | Miclo Gartenbau\" \/>\n<meta property=\"og:description\" content=\"Construction de piscines en pierre naturelle et am\u00e9nagement paysager sur mesure. 18 ans d&#039;expertise dans la r\u00e9gion de B\u00e2le et en Suisse. Devis gratuit.\" \/>\n<meta property=\"og:url\" content=\"https:\/\/miclogartenbau.ch\/de\/\" \/>\n<meta property=\"og:site_name\" content=\"Miclo Gartenbau\" \/>\n<meta property=\"article:modified_time\" content=\"2026-04-24T16:24:10+00:00\" \/>\n<meta property=\"og:image\" content=\"https:\/\/miclogartenbau.ch\/wp-content\/uploads\/2026\/04\/miclo-gartenbau-logo.png\" \/>\n\t<meta property=\"og:image:width\" content=\"406\" \/>\n\t<meta property=\"og:image:height\" content=\"220\" \/>\n\t<meta property=\"og:image:type\" content=\"image\/png\" \/>\n<meta name=\"twitter:card\" content=\"summary_large_image\" \/>\n<meta name=\"twitter:label1\" content=\"Gesch\u00e4tzte Lesezeit\" \/>\n\t<meta name=\"twitter:data1\" content=\"1\u00a0Minute\" \/>\n<script type=\"application\/ld+json\" class=\"yoast-schema-graph\">{\"@context\":\"https:\/\/schema.org\",\"@graph\":[{\"@type\":\"WebPage\",\"@id\":\"https:\/\/miclogartenbau.ch\/de\/\",\"url\":\"https:\/\/miclogartenbau.ch\/de\/\",\"name\":\"Pools & Landschaftsg\u00e4rtner Basel | Miclo Gartenbau\",\"isPartOf\":{\"@id\":\"https:\/\/miclogartenbau.ch\/#website\"},\"datePublished\":\"2026-03-26T14:11:32+00:00\",\"dateModified\":\"2026-04-24T16:24:10+00:00\",\"description\":\"Construction de piscines en pierre naturelle et am\u00e9nagement paysager sur mesure. 18 ans d'expertise dans la r\u00e9gion de B\u00e2le et en Suisse. Devis gratuit.\",\"breadcrumb\":{\"@id\":\"https:\/\/miclogartenbau.ch\/de\/#breadcrumb\"},\"inLanguage\":\"de-CH\",\"potentialAction\":[{\"@type\":\"ReadAction\",\"target\":[\"https:\/\/miclogartenbau.ch\/de\/\"]}]},{\"@type\":\"BreadcrumbList\",\"@id\":\"https:\/\/miclogartenbau.ch\/de\/#breadcrumb\",\"itemListElement\":[{\"@type\":\"ListItem\",\"position\":1,\"name\":\"Accueil\",\"item\":\"https:\/\/miclogartenbau.ch\/de\/\"},{\"@type\":\"ListItem\",\"position\":2,\"name\":\"Startseite\"}]},{\"@type\":\"WebSite\",\"@id\":\"https:\/\/miclogartenbau.ch\/#website\",\"url\":\"https:\/\/miclogartenbau.ch\/\",\"name\":\"Miclo Gartenbau GmbH\",\"description\":\"Votre jardin, notre passion\",\"publisher\":{\"@id\":\"https:\/\/miclogartenbau.ch\/#organization\"},\"potentialAction\":[{\"@type\":\"SearchAction\",\"target\":{\"@type\":\"EntryPoint\",\"urlTemplate\":\"https:\/\/miclogartenbau.ch\/?s={search_term_string}\"},\"query-input\":{\"@type\":\"PropertyValueSpecification\",\"valueRequired\":true,\"valueName\":\"search_term_string\"}}],\"inLanguage\":\"de-CH\"},{\"@type\":\"Organization\",\"@id\":\"https:\/\/miclogartenbau.ch\/#organization\",\"name\":\"Miclo Gartenbau GmbH\",\"url\":\"https:\/\/miclogartenbau.ch\/\",\"logo\":{\"@type\":\"ImageObject\",\"inLanguage\":\"de-CH\",\"@id\":\"https:\/\/miclogartenbau.ch\/#\/schema\/logo\/image\/\",\"url\":\"https:\/\/miclogartenbau.ch\/wp-content\/uploads\/2026\/04\/cropped-miclo-short-logo.png\",\"contentUrl\":\"https:\/\/miclogartenbau.ch\/wp-content\/uploads\/2026\/04\/cropped-miclo-short-logo.png\",\"width\":512,\"height\":512,\"caption\":\"Miclo Gartenbau GmbH\"},\"image\":{\"@id\":\"https:\/\/miclogartenbau.ch\/#\/schema\/logo\/image\/\"},\"sameAs\":[\"https:\/\/www.instagram.com\/miclogartenbau\/\",\"https:\/\/share.google\/zepqLluHgwsRzPGvZ\"]}]}<\/script>\n<!-- \/ Yoast SEO plugin. -->","yoast_head_json":{"title":"Pools & Landschaftsg\u00e4rtner Basel | Miclo Gartenbau","description":"Construction de piscines en pierre naturelle et am\u00e9nagement paysager sur mesure. 18 ans d'expertise dans la r\u00e9gion de B\u00e2le et en Suisse. Devis gratuit.","robots":{"index":"index","follow":"follow","max-snippet":"max-snippet:-1","max-image-preview":"max-image-preview:large","max-video-preview":"max-video-preview:-1"},"canonical":"https:\/\/miclogartenbau.ch\/de\/","og_locale":"de_DE","og_type":"article","og_title":"Pools & Landschaftsg\u00e4rtner Basel | Miclo Gartenbau","og_description":"Construction de piscines en pierre naturelle et am\u00e9nagement paysager sur mesure. 18 ans d'expertise dans la r\u00e9gion de B\u00e2le et en Suisse. Devis gratuit.","og_url":"https:\/\/miclogartenbau.ch\/de\/","og_site_name":"Miclo Gartenbau","article_modified_time":"2026-04-24T16:24:10+00:00","og_image":[{"width":406,"height":220,"url":"https:\/\/miclogartenbau.ch\/wp-content\/uploads\/2026\/04\/miclo-gartenbau-logo.png","type":"image\/png"}],"twitter_card":"summary_large_image","twitter_misc":{"Gesch\u00e4tzte Lesezeit":"1\u00a0Minute"},"schema":{"@context":"https:\/\/schema.org","@graph":[{"@type":"WebPage","@id":"https:\/\/miclogartenbau.ch\/de\/","url":"https:\/\/miclogartenbau.ch\/de\/","name":"Pools & Landschaftsg\u00e4rtner Basel | Miclo Gartenbau","isPartOf":{"@id":"https:\/\/miclogartenbau.ch\/#website"},"datePublished":"2026-03-26T14:11:32+00:00","dateModified":"2026-04-24T16:24:10+00:00","description":"Construction de piscines en pierre naturelle et am\u00e9nagement paysager sur mesure. 18 ans d'expertise dans la r\u00e9gion de B\u00e2le et en Suisse. Devis gratuit.","breadcrumb":{"@id":"https:\/\/miclogartenbau.ch\/de\/#breadcrumb"},"inLanguage":"de-CH","potentialAction":[{"@type":"ReadAction","target":["https:\/\/miclogartenbau.ch\/de\/"]}]},{"@type":"BreadcrumbList","@id":"https:\/\/miclogartenbau.ch\/de\/#breadcrumb","itemListElement":[{"@type":"ListItem","position":1,"name":"Accueil","item":"https:\/\/miclogartenbau.ch\/de\/"},{"@type":"ListItem","position":2,"name":"Startseite"}]},{"@type":"WebSite","@id":"https:\/\/miclogartenbau.ch\/#website","url":"https:\/\/miclogartenbau.ch\/","name":"Miclo Gartenbau GmbH","description":"Votre jardin, notre passion","publisher":{"@id":"https:\/\/miclogartenbau.ch\/#organization"},"potentialAction":[{"@type":"SearchAction","target":{"@type":"EntryPoint","urlTemplate":"https:\/\/miclogartenbau.ch\/?s={search_term_string}"},"query-input":{"@type":"PropertyValueSpecification","valueRequired":true,"valueName":"search_term_string"}}],"inLanguage":"de-CH"},{"@type":"Organization","@id":"https:\/\/miclogartenbau.ch\/#organization","name":"Miclo Gartenbau GmbH","url":"https:\/\/miclogartenbau.ch\/","logo":{"@type":"ImageObject","inLanguage":"de-CH","@id":"https:\/\/miclogartenbau.ch\/#\/schema\/logo\/image\/","url":"https:\/\/miclogartenbau.ch\/wp-content\/uploads\/2026\/04\/cropped-miclo-short-logo.png","contentUrl":"https:\/\/miclogartenbau.ch\/wp-content\/uploads\/2026\/04\/cropped-miclo-short-logo.png","width":512,"height":512,"caption":"Miclo Gartenbau GmbH"},"image":{"@id":"https:\/\/miclogartenbau.ch\/#\/schema\/logo\/image\/"},"sameAs":["https:\/\/www.instagram.com\/miclogartenbau\/","https:\/\/share.google\/zepqLluHgwsRzPGvZ"]}]}},"_links":{"self":[{"href":"https:\/\/miclogartenbau.ch\/de\/wp-json\/wp\/v2\/pages\/1183","targetHints":{"allow":["GET"]}}],"collection":[{"href":"https:\/\/miclogartenbau.ch\/de\/wp-json\/wp\/v2\/pages"}],"about":[{"href":"https:\/\/miclogartenbau.ch\/de\/wp-json\/wp\/v2\/types\/page"}],"author":[{"embeddable":true,"href":"https:\/\/miclogartenbau.ch\/de\/wp-json\/wp\/v2\/users\/2"}],"replies":[{"embeddable":true,"href":"https:\/\/miclogartenbau.ch\/de\/wp-json\/wp\/v2\/comments?post=1183"}],"version-history":[{"count":10,"href":"https:\/\/miclogartenbau.ch\/de\/wp-json\/wp\/v2\/pages\/1183\/revisions"}],"predecessor-version":[{"id":1241,"href":"https:\/\/miclogartenbau.ch\/de\/wp-json\/wp\/v2\/pages\/1183\/revisions\/1241"}],"wp:attachment":[{"href":"https:\/\/miclogartenbau.ch\/de\/wp-json\/wp\/v2\/media?parent=1183"}],"curies":[{"name":"wp","href":"https:\/\/api.w.org\/{rel}","templated":true}]}}