{"id":1205,"date":"2024-02-04T16:24:21","date_gmt":"2024-02-04T15:24:21","guid":{"rendered":"https:\/\/miclogartenbau.ch\/a-propos-de-nous\/"},"modified":"2026-04-24T20:54:47","modified_gmt":"2026-04-24T18:54:47","slug":"ueber-uns","status":"publish","type":"page","link":"https:\/\/miclogartenbau.ch\/de\/ueber-uns\/","title":{"rendered":"\u00dcber uns"},"content":{"rendered":"<h1>Miclo Gartenbau \u2014 Professioneller Poolbauer und Landschaftsg\u00e4rtner seit 2008<\/h1>\n<div>\u00dcber uns<\/div>\n<div>\n<p data-start=\"58\" data-end=\"301\">Spezialisiert auf Naturstein sowie vielf\u00e4ltige Landschaftsgestaltung bringt Miclo Gartenbau Ihre W\u00fcnsche zum Leben.<br \/>Unser Ziel: Ihre Au\u00dfenanlagen in echte Lebensr\u00e4ume zu verwandeln, in denen man sich gerne aufh\u00e4lt und die man das ganze Jahr \u00fcber genie\u00dfen kann.<\/p>\n<\/div>\n<p><img decoding=\"async\" src=\"\/wp-content\/uploads\/2024\/05\/IMG_2016.jpg\" alt=\"\"><\/p>\n<h2>Ihr Poolprojekt ist einzigartig, gemeinsam mit Ihnen und f\u00fcr Sie geplant.<\/h2>\n<div>\n<p>Alles daran setzen, Ihnen die Freude am Baden und am gemeinsamen Erleben mit Familie und Freunden in einem au\u00dfergew\u00f6hnlichen Wohlf\u00fchlort zu erm\u00f6glichen. Unsere Priorit\u00e4t ist die Zufriedenheit unserer Kunden \u2013 durch hochwertige Arbeit und Materialien.<\/p>\n<p>Wir bauen ma\u00dfgeschneiderte Pools aus 100 % Beton, mit Natursteinverkleidung. Unsere Pools sind designorientiert, familienfreundlich, als Einbaupools oder Aufstellpools realisierbar \u2013 ob \u00dcberlauf- oder Spiegelpool.<\/p>\n<\/div>\n<div>Unsere Geschichte<\/div>\n<h2>Alles begann im Jahr 2008<\/h2>\n<p><img decoding=\"async\" src=\"\/wp-content\/uploads\/2024\/02\/Miclo-Swimmbadbau-Basel-Bild18-scaled-1.jpg\" alt=\"\"><br \/>\n<img decoding=\"async\" src=\"\/wp-content\/uploads\/2024\/02\/Miclo-Swimmbadbau-Basel-Bild10-scaled-1.jpg\" alt=\"\"><\/p>\n<ul>\n<li>\n<p><img decoding=\"async\" src=\"\/wp-content\/uploads\/2024\/02\/Miclo-Schwimmbadbau-Basel-009-1-scaled.jpg\" alt=\"\"><\/p>\n<\/li>\n<li>\n<p><img decoding=\"async\" src=\"\/wp-content\/uploads\/2024\/02\/Miclo-Swimmbadbau-Basel-Bild18-scaled-1.jpg\" alt=\"\"><\/p>\n<\/li>\n<\/ul>\n<div>\n<p>\u201eDie Gartengestaltung ist seit 2008 unsere Hauptt\u00e4tigkeit, der Poolbau kam in einem zweiten Schritt hinzu. Das Unternehmen ist insbesondere auf die Bearbeitung und Verlegung von Naturstein spezialisiert \u2013 ein edles und robustes Material. Miclo Gartenbau GmbH realisiert schl\u00fcsselfertige Pools ohne Subunternehmer. Wir bauen niemals zweimal denselben Pool. Miclo Gartenbau ber\u00e4t Sie f\u00fcr eine \u00e4sthetische Integration unter Ber\u00fccksichtigung Ihrer gesamten Au\u00dfenanlage.\u201c<\/p>\n<\/div>\n<p><img decoding=\"async\" src=\"\/wp-content\/uploads\/2024\/02\/Miclo-Schwimmbadbau-Basel-003-1-scaled.jpg\" alt=\"\"><\/p>\n<blockquote>\n<p>Miclo Gartenbau \u2013 Ihr Partner f\u00fcr Pools, Gartenbau und Gartenpflege in Basel, Basel-Stadt, Basel-Landschaft, Aargau und der Region<\/p>\n<footer>\n<p>        Marc Miclo<\/p>\n<\/footer>\n<\/blockquote>\n<p><!--more--><br \/>\n<!-- {\"type\":\"layout\",\"children\":[{\"type\":\"section\",\"props\":{\"height\":\"pixels\",\"height_viewport\":350,\"image\":\"wp-content\\\/uploads\\\/2026\\\/03\\\/20181015_160818-scaled.jpg\",\"image_position\":\"center-center\",\"media_background\":\"#000000\",\"media_overlay\":\"rgba(255, 255, 255, 0.82)\",\"style\":\"default\",\"title_breakpoint\":\"xl\",\"title_position\":\"top-left\",\"title_rotation\":\"left\",\"vertical_align\":\"middle\",\"width\":\"default\"},\"children\":[{\"type\":\"row\",\"children\":[{\"type\":\"column\",\"props\":{\"image_position\":\"center-center\",\"position_sticky_breakpoint\":\"m\"},\"children\":[{\"type\":\"headline\",\"props\":{\"content\":\"Miclo Gartenbau \\u2014 Professioneller Poolbauer und Landschaftsg\\u00e4rtner seit 2008\",\"text_align\":\"center\",\"title_element\":\"h1\"}}]}]}]},{\"type\":\"section\",\"props\":{\"header_transparent_noplaceholder\":false,\"height\":\"viewport\",\"height_offset_top\":true,\"image_position\":\"center-center\",\"image_size\":\"cover\",\"image_width\":\"2560\",\"overlap\":false,\"style\":\"default\",\"title_breakpoint\":\"xl\",\"title_position\":\"top-left\",\"title_rotation\":\"left\",\"vertical_align\":\"middle\",\"width\":\"xlarge\"},\"children\":[{\"type\":\"row\",\"props\":{\"column_gap\":\"large\",\"divider\":false,\"layout\":\"1-2,1-2\",\"margin_remove_bottom\":false,\"row_gap\":\"large\"},\"children\":[{\"type\":\"column\",\"props\":{\"image_position\":\"center-center\",\"image_size\":\"contain\",\"position_sticky_breakpoint\":\"m\",\"vertical_align\":\"middle\",\"width_medium\":\"1-2\"},\"children\":[{\"type\":\"headline\",\"props\":{\"block_align\":\"center\",\"content\":\"\\u00dcber uns\",\"margin\":\"remove-vertical\",\"maxwidth\":\"xlarge\",\"text_align\":\"left\",\"text_align_breakpoint\":\"m\",\"text_align_fallback\":\"center\",\"title_element\":\"div\",\"title_font_family\":\"tertiary\",\"title_style\":\"h1\"}},{\"type\":\"headline\",\"props\":{\"animation\":\"none\",\"block_align\":\"center\",\"content\":\"\n\n<p data-start=\\\"58\\\" data-end=\\\"301\\\">Spezialisiert auf Naturstein sowie vielf\\u00e4ltige Landschaftsgestaltung bringt Miclo Gartenbau Ihre W\\u00fcnsche zum Leben.<br \\\/>Unser Ziel: Ihre Au\\u00dfenanlagen in echte Lebensr\\u00e4ume zu verwandeln, in denen man sich gerne aufh\\u00e4lt und die man das ganze Jahr \\u00fcber genie\\u00dfen kann.<\\\/p>\",\"margin\":\"small\",\"maxwidth\":\"xlarge\",\"parallax_breakpoint\":\"s\",\"parallax_easing\":\"1\",\"parallax_y\":\"0,-5vh\",\"text_align\":\"left\",\"text_align_breakpoint\":\"m\",\"text_align_fallback\":\"center\",\"title_element\":\"div\",\"title_style\":\"h3\"}}]},{\"type\":\"column\",\"props\":{\"image_position\":\"center-center\",\"order_first\":\"m\",\"position_sticky_breakpoint\":\"m\",\"vertical_align\":\"middle\",\"width_medium\":\"1-2\"},\"children\":[{\"type\":\"image\",\"props\":{\"block_align\":\"center\",\"block_align_breakpoint\":\"m\",\"css\":\".el-image {\\n\\tborder-radius:35px;\\n}\",\"image\":\"wp-content\\\/uploads\\\/2024\\\/05\\\/IMG_2016.jpg\",\"image_loading\":true,\"image_svg_color\":\"emphasis\",\"image_width\":\"700\",\"margin\":\"default\",\"maxwidth_breakpoint\":\"m\",\"parallax_breakpoint\":\"s\",\"text_align\":\"center\"}}]}]}],\"name\":\"Hero\"},{\"type\":\"section\",\"props\":{\"image_position\":\"center-center\",\"style\":\"primary\",\"title_breakpoint\":\"xl\",\"title_position\":\"top-left\",\"title_rotation\":\"left\",\"vertical_align\":\"middle\",\"width\":\"default\"},\"children\":[{\"type\":\"row\",\"children\":[{\"type\":\"column\",\"props\":{\"image_position\":\"center-center\",\"position_sticky_breakpoint\":\"m\"},\"children\":[{\"type\":\"headline\",\"props\":{\"animation\":\"parallax\",\"content\":\"Ihr Poolprojekt ist einzigartig, gemeinsam mit Ihnen und f\\u00fcr Sie geplant.\",\"title_element\":\"h2\"}},{\"type\":\"text\",\"props\":{\"animation\":\"parallax\",\"column\":\"1-2\",\"column_breakpoint\":\"m\",\"content\":\"\n\n<p>Alles daran setzen, Ihnen die Freude am Baden und am gemeinsamen Erleben mit Familie und Freunden in einem au\\u00dfergew\\u00f6hnlichen Wohlf\\u00fchlort zu erm\\u00f6glichen. Unsere Priorit\\u00e4t ist die Zufriedenheit unserer Kunden \\u2013 durch hochwertige Arbeit und Materialien.<\\\/p>\\n\n\n<p>Wir bauen ma\\u00dfgeschneiderte Pools aus 100 % Beton, mit Natursteinverkleidung. Unsere Pools sind designorientiert, familienfreundlich, als Einbaupools oder Aufstellpools realisierbar \\u2013 ob \\u00dcberlauf- oder Spiegelpool.<\\\/p>\",\"dropcap\":true,\"margin\":\"default\",\"text_style\":\"lead\"}}]}]}]},{\"type\":\"section\",\"props\":{\"image_position\":\"center-center\",\"style\":\"default\",\"title_breakpoint\":\"xl\",\"title_position\":\"top-left\",\"title_rotation\":\"left\",\"vertical_align\":\"middle\",\"width\":\"large\"},\"children\":[{\"type\":\"row\",\"props\":{\"column_gap\":\"large\",\"layout\":\"1-2,1-2\",\"row_gap\":\"large\"},\"children\":[{\"type\":\"column\",\"props\":{\"image_position\":\"center-center\",\"position_sticky_breakpoint\":\"m\",\"width_medium\":\"1-2\"},\"children\":[{\"type\":\"headline\",\"props\":{\"content\":\"Unsere Geschichte\",\"margin\":\"small\",\"title_element\":\"div\",\"title_font_family\":\"tertiary\",\"title_style\":\"h3\"}},{\"type\":\"headline\",\"props\":{\"content\":\"Alles begann im Jahr 2008\",\"margin\":\"remove-vertical\",\"margin_remove_bottom\":false,\"margin_remove_top\":false,\"maxwidth\":\"large\",\"title_element\":\"h2\",\"title_style\":\"heading-small\"}},{\"type\":\"image\",\"props\":{\"animation\":\"parallax\",\"block_align_breakpoint\":\"m\",\"block_align_fallback\":\"center\",\"css\":\".el-image {\\n\\tborder-radius:35px;\\n}\",\"image\":\"wp-content\\\/uploads\\\/2024\\\/02\\\/Miclo-Swimmbadbau-Basel-Bild18-scaled-1.jpg\",\"image_box_decoration\":\"default\",\"image_box_decoration_inverse\":true,\"image_svg_color\":\"emphasis\",\"image_width\":\"900\",\"margin\":\"xlarge\",\"maxwidth\":\"xlarge\",\"parallax_easing\":\"1\",\"parallax_y\":\"10vh,5vh\",\"visibility\":\"m\"}}]},{\"type\":\"column\",\"props\":{\"image_position\":\"center-center\",\"order_first\":\"m\",\"position_sticky_breakpoint\":\"m\",\"width_medium\":\"1-2\"},\"children\":[{\"type\":\"image\",\"props\":{\"animation\":\"parallax\",\"css\":\".el-image {\\n\\tborder-radius:35px;\\n}\",\"image\":\"wp-content\\\/uploads\\\/2024\\\/02\\\/Miclo-Swimmbadbau-Basel-Bild10-scaled-1.jpg\",\"image_box_decoration\":\"default\",\"image_box_decoration_inverse\":true,\"image_svg_color\":\"emphasis\",\"image_width\":\"900\",\"margin\":\"default\",\"parallax_easing\":\"1\",\"parallax_y\":\"-2vh,-6vh\",\"visibility\":\"m\"}},{\"type\":\"grid\",\"props\":{\"content_column_breakpoint\":\"m\",\"css\":\".el-image {\\n\\tborder-radius:35px;\\n}\",\"filter_align\":\"left\",\"filter_all\":true,\"filter_grid_breakpoint\":\"m\",\"filter_grid_width\":\"auto\",\"filter_position\":\"top\",\"filter_style\":\"tab\",\"grid_default\":\"1\",\"grid_medium\":\"\",\"grid_small\":\"2\",\"icon_width\":80,\"image_align\":\"top\",\"image_box_decoration\":\"default\",\"image_box_decoration_inverse\":true,\"image_grid_breakpoint\":\"m\",\"image_grid_width\":\"1-2\",\"image_svg_color\":\"emphasis\",\"item_animation\":true,\"link_style\":\"default\",\"link_text\":\"Read more\",\"margin\":\"default\",\"meta_align\":\"below-title\",\"meta_element\":\"div\",\"meta_style\":\"text-meta\",\"parallax_easing\":\"1\",\"show_content\":true,\"show_image\":true,\"show_link\":true,\"show_meta\":true,\"show_title\":true,\"title_align\":\"top\",\"title_element\":\"h3\",\"title_grid_breakpoint\":\"m\",\"title_grid_width\":\"1-2\",\"title_hover_style\":\"reset\",\"visibility\":\"hidden-m\"},\"children\":[{\"type\":\"grid_item\",\"props\":{\"image\":\"wp-content\\\/uploads\\\/2024\\\/02\\\/Miclo-Schwimmbadbau-Basel-009-1-scaled.jpg\"}},{\"type\":\"grid_item\",\"props\":{\"image\":\"wp-content\\\/uploads\\\/2024\\\/02\\\/Miclo-Swimmbadbau-Basel-Bild18-scaled-1.jpg\"}}]},{\"type\":\"text\",\"props\":{\"block_align\":\"center\",\"column_breakpoint\":\"m\",\"content\":\"\n\n<p>\\u201eDie Gartengestaltung ist seit 2008 unsere Hauptt\\u00e4tigkeit, der Poolbau kam in einem zweiten Schritt hinzu. Das Unternehmen ist insbesondere auf die Bearbeitung und Verlegung von Naturstein spezialisiert \\u2013 ein edles und robustes Material. Miclo Gartenbau GmbH realisiert schl\\u00fcsselfertige Pools ohne Subunternehmer. Wir bauen niemals zweimal denselben Pool. Miclo Gartenbau ber\\u00e4t Sie f\\u00fcr eine \\u00e4sthetische Integration unter Ber\\u00fccksichtigung Ihrer gesamten Au\\u00dfenanlage.\\u201c<\\\/p>\",\"margin\":\"large\",\"maxwidth\":\"xlarge\"}}]}]},{\"type\":\"row\",\"props\":{\"margin\":\"large\",\"width\":\"small\"},\"children\":[{\"type\":\"column\",\"props\":{\"image\":\"wp-content\\\/uploads\\\/badge-bg-02.svg\",\"image_effect\":\"parallax\",\"image_parallax_bgx\":\"-3vw,-3vw\",\"image_parallax_bgy\":\"0,-4vh\",\"image_parallax_breakpoint\":\"s\",\"image_parallax_easing\":\"0.7\",\"image_position\":\"bottom-right\",\"media_visibility\":\"s\",\"position_sticky_breakpoint\":\"m\",\"width_medium\":\"1-1\"},\"children\":[{\"type\":\"image\",\"props\":{\"animation\":\"parallax\",\"css\":\".el-image {\\n\\tborder-radius:35px;\\n}\",\"image\":\"wp-content\\\/uploads\\\/2024\\\/02\\\/Miclo-Schwimmbadbau-Basel-003-1-scaled.jpg\",\"image_svg_color\":\"emphasis\",\"image_width\":\"670\",\"link_target\":\"modal\",\"margin\":\"default\",\"text_align\":\"center\"}}]}]}],\"name\":\"About\"},{\"type\":\"section\",\"props\":{\"image\":\"wp-content\\\/uploads\\\/2024\\\/02\\\/Miclo-Swimmbadbau-Basel-Bild18-scaled-1.jpg\",\"image_effect\":\"parallax\",\"image_parallax_bgy\":\"5vh,-10vh\",\"image_parallax_breakpoint\":\"s\",\"image_parallax_easing\":\"1\",\"image_position\":\"center-center\",\"image_size\":\"cover\",\"image_width\":\"2560\",\"padding\":\"xlarge\",\"style\":\"default\",\"title_breakpoint\":\"xl\",\"title_position\":\"top-left\",\"title_rotation\":\"left\",\"vertical_align\":\"middle\",\"width\":\"large\"},\"children\":[{\"type\":\"row\",\"props\":{\"layout\":\"1-2,1-2\"},\"children\":[{\"type\":\"column\",\"props\":{\"image_position\":\"center-center\",\"position_sticky_breakpoint\":\"m\",\"width_medium\":\"1-2\"}},{\"type\":\"column\",\"props\":{\"image_position\":\"center-center\",\"padding\":\"large\",\"position_sticky_breakpoint\":\"m\",\"style\":\"tile-default\",\"vertical_align\":\"middle\",\"width_medium\":\"1-2\"},\"children\":[{\"type\":\"quotation\",\"props\":{\"content\":\"\n\n<p>Miclo Gartenbau \\u2013 Ihr Partner f\\u00fcr Pools, Gartenbau und Gartenpflege in Basel, Basel-Stadt, Basel-Landschaft, Aargau und der Region<\\\/p>\",\"footer\":\"Marc Miclo\",\"text_align\":\"center\"}}]}]}],\"name\":\"Quote\"}],\"version\":\"4.3.9\"} --><\/p>\n","protected":false},"excerpt":{"rendered":"<p>Miclo Gartenbau \u2014 Professioneller Poolbauer und Landschaftsg\u00e4rtner seit 2008 \u00dcber uns Spezialisiert auf Naturstein sowie vielf\u00e4ltige Landschaftsgestaltung bringt Miclo Gartenbau Ihre W\u00fcnsche zum Leben.Unser Ziel: Ihre Au\u00dfenanlagen in echte Lebensr\u00e4ume zu verwandeln, in denen man sich gerne aufh\u00e4lt und die man das ganze Jahr \u00fcber genie\u00dfen kann. Ihr Poolprojekt ist einzigartig, gemeinsam mit Ihnen und [&hellip;]<\/p>\n","protected":false},"author":1,"featured_media":0,"parent":0,"menu_order":0,"comment_status":"closed","ping_status":"closed","template":"","meta":{"footnotes":""},"class_list":["post-1205","page","type-page","status-publish","hentry"],"yoast_head":"<!-- This site is optimized with the Yoast SEO plugin v26.2 - https:\/\/yoast.com\/wordpress\/plugins\/seo\/ -->\n<title>Miclo Gartenbau : 18 ans d&#039;Expertise Piscine &amp; Paysage<\/title>\n<meta name=\"description\" content=\"Marc Miclo, paysagiste dipl\u00f4m\u00e9 et sp\u00e9cialiste piscines pierre naturelle. Entreprise familiale bas\u00e9e \u00e0 B\u00e2le. Projets cl\u00e9 en main sans sous-traitance.\" \/>\n<meta name=\"robots\" content=\"index, follow, max-snippet:-1, max-image-preview:large, max-video-preview:-1\" \/>\n<link rel=\"canonical\" href=\"https:\/\/miclogartenbau.ch\/de\/ueber-uns\/\" \/>\n<meta property=\"og:locale\" content=\"de_DE\" \/>\n<meta property=\"og:type\" content=\"article\" \/>\n<meta property=\"og:title\" content=\"Miclo Gartenbau : 18 ans d&#039;Expertise Piscine &amp; Paysage\" \/>\n<meta property=\"og:description\" content=\"Marc Miclo, paysagiste dipl\u00f4m\u00e9 et sp\u00e9cialiste piscines pierre naturelle. Entreprise familiale bas\u00e9e \u00e0 B\u00e2le. Projets cl\u00e9 en main sans sous-traitance.\" \/>\n<meta property=\"og:url\" content=\"https:\/\/miclogartenbau.ch\/de\/ueber-uns\/\" \/>\n<meta property=\"og:site_name\" content=\"Miclo Gartenbau\" \/>\n<meta property=\"article:modified_time\" content=\"2026-04-24T18:54:47+00:00\" \/>\n<meta property=\"og:image\" content=\"https:\/\/miclogartenbau.ch\/wp-content\/uploads\/2026\/04\/miclo-gartenbau-logo.png\" \/>\n\t<meta property=\"og:image:width\" content=\"406\" \/>\n\t<meta property=\"og:image:height\" content=\"220\" \/>\n\t<meta property=\"og:image:type\" content=\"image\/png\" \/>\n<meta name=\"twitter:card\" content=\"summary_large_image\" \/>\n<meta name=\"twitter:label1\" content=\"Gesch\u00e4tzte Lesezeit\" \/>\n\t<meta name=\"twitter:data1\" content=\"3\u00a0Minuten\" \/>\n<script type=\"application\/ld+json\" class=\"yoast-schema-graph\">{\"@context\":\"https:\/\/schema.org\",\"@graph\":[{\"@type\":[\"WebPage\",\"AboutPage\"],\"@id\":\"https:\/\/miclogartenbau.ch\/de\/ueber-uns\/\",\"url\":\"https:\/\/miclogartenbau.ch\/de\/ueber-uns\/\",\"name\":\"Miclo Gartenbau : 18 ans d'Expertise Piscine & Paysage\",\"isPartOf\":{\"@id\":\"https:\/\/miclogartenbau.ch\/#website\"},\"datePublished\":\"2024-02-04T15:24:21+00:00\",\"dateModified\":\"2026-04-24T18:54:47+00:00\",\"description\":\"Marc Miclo, paysagiste dipl\u00f4m\u00e9 et sp\u00e9cialiste piscines pierre naturelle. Entreprise familiale bas\u00e9e \u00e0 B\u00e2le. Projets cl\u00e9 en main sans sous-traitance.\",\"breadcrumb\":{\"@id\":\"https:\/\/miclogartenbau.ch\/de\/ueber-uns\/#breadcrumb\"},\"inLanguage\":\"de-CH\",\"potentialAction\":[{\"@type\":\"ReadAction\",\"target\":[\"https:\/\/miclogartenbau.ch\/de\/ueber-uns\/\"]}]},{\"@type\":\"BreadcrumbList\",\"@id\":\"https:\/\/miclogartenbau.ch\/de\/ueber-uns\/#breadcrumb\",\"itemListElement\":[{\"@type\":\"ListItem\",\"position\":1,\"name\":\"Accueil\",\"item\":\"https:\/\/miclogartenbau.ch\/de\/\"},{\"@type\":\"ListItem\",\"position\":2,\"name\":\"A propos\"}]},{\"@type\":\"WebSite\",\"@id\":\"https:\/\/miclogartenbau.ch\/#website\",\"url\":\"https:\/\/miclogartenbau.ch\/\",\"name\":\"Miclo Gartenbau GmbH\",\"description\":\"Votre jardin, notre passion\",\"publisher\":{\"@id\":\"https:\/\/miclogartenbau.ch\/#organization\"},\"potentialAction\":[{\"@type\":\"SearchAction\",\"target\":{\"@type\":\"EntryPoint\",\"urlTemplate\":\"https:\/\/miclogartenbau.ch\/?s={search_term_string}\"},\"query-input\":{\"@type\":\"PropertyValueSpecification\",\"valueRequired\":true,\"valueName\":\"search_term_string\"}}],\"inLanguage\":\"de-CH\"},{\"@type\":\"Organization\",\"@id\":\"https:\/\/miclogartenbau.ch\/#organization\",\"name\":\"Miclo Gartenbau GmbH\",\"url\":\"https:\/\/miclogartenbau.ch\/\",\"logo\":{\"@type\":\"ImageObject\",\"inLanguage\":\"de-CH\",\"@id\":\"https:\/\/miclogartenbau.ch\/#\/schema\/logo\/image\/\",\"url\":\"https:\/\/miclogartenbau.ch\/wp-content\/uploads\/2026\/04\/cropped-miclo-short-logo.png\",\"contentUrl\":\"https:\/\/miclogartenbau.ch\/wp-content\/uploads\/2026\/04\/cropped-miclo-short-logo.png\",\"width\":512,\"height\":512,\"caption\":\"Miclo Gartenbau GmbH\"},\"image\":{\"@id\":\"https:\/\/miclogartenbau.ch\/#\/schema\/logo\/image\/\"},\"sameAs\":[\"https:\/\/www.instagram.com\/miclogartenbau\/\",\"https:\/\/share.google\/zepqLluHgwsRzPGvZ\"]}]}<\/script>\n<!-- \/ Yoast SEO plugin. -->","yoast_head_json":{"title":"Miclo Gartenbau : 18 ans d'Expertise Piscine & Paysage","description":"Marc Miclo, paysagiste dipl\u00f4m\u00e9 et sp\u00e9cialiste piscines pierre naturelle. Entreprise familiale bas\u00e9e \u00e0 B\u00e2le. Projets cl\u00e9 en main sans sous-traitance.","robots":{"index":"index","follow":"follow","max-snippet":"max-snippet:-1","max-image-preview":"max-image-preview:large","max-video-preview":"max-video-preview:-1"},"canonical":"https:\/\/miclogartenbau.ch\/de\/ueber-uns\/","og_locale":"de_DE","og_type":"article","og_title":"Miclo Gartenbau : 18 ans d'Expertise Piscine & Paysage","og_description":"Marc Miclo, paysagiste dipl\u00f4m\u00e9 et sp\u00e9cialiste piscines pierre naturelle. Entreprise familiale bas\u00e9e \u00e0 B\u00e2le. Projets cl\u00e9 en main sans sous-traitance.","og_url":"https:\/\/miclogartenbau.ch\/de\/ueber-uns\/","og_site_name":"Miclo Gartenbau","article_modified_time":"2026-04-24T18:54:47+00:00","og_image":[{"width":406,"height":220,"url":"https:\/\/miclogartenbau.ch\/wp-content\/uploads\/2026\/04\/miclo-gartenbau-logo.png","type":"image\/png"}],"twitter_card":"summary_large_image","twitter_misc":{"Gesch\u00e4tzte Lesezeit":"3\u00a0Minuten"},"schema":{"@context":"https:\/\/schema.org","@graph":[{"@type":["WebPage","AboutPage"],"@id":"https:\/\/miclogartenbau.ch\/de\/ueber-uns\/","url":"https:\/\/miclogartenbau.ch\/de\/ueber-uns\/","name":"Miclo Gartenbau : 18 ans d'Expertise Piscine & Paysage","isPartOf":{"@id":"https:\/\/miclogartenbau.ch\/#website"},"datePublished":"2024-02-04T15:24:21+00:00","dateModified":"2026-04-24T18:54:47+00:00","description":"Marc Miclo, paysagiste dipl\u00f4m\u00e9 et sp\u00e9cialiste piscines pierre naturelle. Entreprise familiale bas\u00e9e \u00e0 B\u00e2le. Projets cl\u00e9 en main sans sous-traitance.","breadcrumb":{"@id":"https:\/\/miclogartenbau.ch\/de\/ueber-uns\/#breadcrumb"},"inLanguage":"de-CH","potentialAction":[{"@type":"ReadAction","target":["https:\/\/miclogartenbau.ch\/de\/ueber-uns\/"]}]},{"@type":"BreadcrumbList","@id":"https:\/\/miclogartenbau.ch\/de\/ueber-uns\/#breadcrumb","itemListElement":[{"@type":"ListItem","position":1,"name":"Accueil","item":"https:\/\/miclogartenbau.ch\/de\/"},{"@type":"ListItem","position":2,"name":"A propos"}]},{"@type":"WebSite","@id":"https:\/\/miclogartenbau.ch\/#website","url":"https:\/\/miclogartenbau.ch\/","name":"Miclo Gartenbau GmbH","description":"Votre jardin, notre passion","publisher":{"@id":"https:\/\/miclogartenbau.ch\/#organization"},"potentialAction":[{"@type":"SearchAction","target":{"@type":"EntryPoint","urlTemplate":"https:\/\/miclogartenbau.ch\/?s={search_term_string}"},"query-input":{"@type":"PropertyValueSpecification","valueRequired":true,"valueName":"search_term_string"}}],"inLanguage":"de-CH"},{"@type":"Organization","@id":"https:\/\/miclogartenbau.ch\/#organization","name":"Miclo Gartenbau GmbH","url":"https:\/\/miclogartenbau.ch\/","logo":{"@type":"ImageObject","inLanguage":"de-CH","@id":"https:\/\/miclogartenbau.ch\/#\/schema\/logo\/image\/","url":"https:\/\/miclogartenbau.ch\/wp-content\/uploads\/2026\/04\/cropped-miclo-short-logo.png","contentUrl":"https:\/\/miclogartenbau.ch\/wp-content\/uploads\/2026\/04\/cropped-miclo-short-logo.png","width":512,"height":512,"caption":"Miclo Gartenbau GmbH"},"image":{"@id":"https:\/\/miclogartenbau.ch\/#\/schema\/logo\/image\/"},"sameAs":["https:\/\/www.instagram.com\/miclogartenbau\/","https:\/\/share.google\/zepqLluHgwsRzPGvZ"]}]}},"_links":{"self":[{"href":"https:\/\/miclogartenbau.ch\/de\/wp-json\/wp\/v2\/pages\/1205","targetHints":{"allow":["GET"]}}],"collection":[{"href":"https:\/\/miclogartenbau.ch\/de\/wp-json\/wp\/v2\/pages"}],"about":[{"href":"https:\/\/miclogartenbau.ch\/de\/wp-json\/wp\/v2\/types\/page"}],"author":[{"embeddable":true,"href":"https:\/\/miclogartenbau.ch\/de\/wp-json\/wp\/v2\/users\/1"}],"replies":[{"embeddable":true,"href":"https:\/\/miclogartenbau.ch\/de\/wp-json\/wp\/v2\/comments?post=1205"}],"version-history":[{"count":5,"href":"https:\/\/miclogartenbau.ch\/de\/wp-json\/wp\/v2\/pages\/1205\/revisions"}],"predecessor-version":[{"id":1306,"href":"https:\/\/miclogartenbau.ch\/de\/wp-json\/wp\/v2\/pages\/1205\/revisions\/1306"}],"wp:attachment":[{"href":"https:\/\/miclogartenbau.ch\/de\/wp-json\/wp\/v2\/media?parent=1205"}],"curies":[{"name":"wp","href":"https:\/\/api.w.org\/{rel}","templated":true}]}}