{"id":1185,"date":"2026-03-26T15:11:32","date_gmt":"2026-03-26T14:11:32","guid":{"rendered":"https:\/\/miclogartenbau.ch\/home-2\/"},"modified":"2026-03-26T15:11:32","modified_gmt":"2026-03-26T14:11:32","slug":"home-2","status":"publish","type":"page","link":"https:\/\/miclogartenbau.ch\/en\/","title":{"rendered":"Home"},"content":{"rendered":"<ul>\n<li>\n<p>        <img decoding=\"async\" src=\"\/wp-content\/uploads\/2026\/02\/20190419_122145-scaled.jpg\" alt=\"\"><\/p>\n<h1>Piscines &#038; Jardins d&#8217;Exception \u2014 R\u00e9gion de B\u00e2le<\/h1>\n<div>\n<p><span>18 ans d&#8217;expertise en construction de piscines et am\u00e9nagement paysager.<\/span><\/p>\n<\/div>\n<p><a href=\"https:\/\/miclogartenbau.ch\/en\/contact\/\">D\u00e9marrer Votre Projet<\/a><\/p>\n<\/li>\n<li>\n<p>        <img decoding=\"async\" src=\"\/wp-content\/uploads\/2024\/05\/IMG_2003.jpg\" alt=\"\"><\/p>\n<p>Piscines &#038; Jardins d&#8217;Exception \u2014 R\u00e9gion de B\u00e2le<\/p>\n<div>\n<p><span>18 ans d&#8217;expertise en construction de piscines et am\u00e9nagement paysager.<\/span><\/p>\n<\/div>\n<p><a href=\"https:\/\/miclogartenbau.ch\/en\/contact\/\">D\u00e9marrer Votre Projet<\/a><\/p>\n<\/li>\n<li>\n<p>        <img decoding=\"async\" src=\"\/wp-content\/uploads\/2024\/02\/Miclo-Swimmbadbau-Basel-Bild15-scaled-1.jpg\" alt=\"\"><\/p>\n<p>Piscines &#038; Jardins d&#8217;Exception \u2014 R\u00e9gion de B\u00e2le<\/p>\n<div>\n<p><span>18 ans d&#8217;expertise en construction de piscines et am\u00e9nagement paysager.<\/span><\/p>\n<\/div>\n<p><a href=\"https:\/\/miclogartenbau.ch\/en\/contact\/\">D\u00e9marrer Votre Projet<\/a><\/p>\n<\/li>\n<li>\n<p>        <img decoding=\"async\" src=\"\/wp-content\/uploads\/2024\/02\/Miclo-Swimmbadbau-Basel-Bild7-1-scaled.jpg\" alt=\"\"><\/p>\n<p>Piscines &#038; Jardins d&#8217;Exception \u2014 R\u00e9gion de B\u00e2le<\/p>\n<div>\n<p><span>18 ans d&#8217;expertise en construction de piscines et am\u00e9nagement paysager.<\/span><\/p>\n<\/div>\n<p><a href=\"https:\/\/miclogartenbau.ch\/en\/contact\/\">D\u00e9marrer Votre Projet<\/a><\/p>\n<\/li>\n<li>\n<p>        <img decoding=\"async\" src=\"\/wp-content\/uploads\/2026\/02\/20230628_153225-scaled.jpg\" alt=\"\"><\/p>\n<p>Piscines &#038; Jardins d&#8217;Exception \u2014 R\u00e9gion de B\u00e2le<\/p>\n<div>\n<p><span>18 ans d&#8217;expertise en construction de piscines et am\u00e9nagement paysager.<\/span><\/p>\n<\/div>\n<p><a href=\"https:\/\/miclogartenbau.ch\/en\/contact\/\">D\u00e9marrer Votre Projet<\/a><\/p>\n<\/li>\n<\/ul>\n<h2>Miclo Gartenbau \u2014 Piscines &amp; Paysagisme<\/h2>\n<div>\n<p>Riche de son <strong>exp\u00e9rience et de sa passion<\/strong> depuis plus de 30 ans, Marc Miclo a fond\u00e9 Miclo Gartenbau en 2008. Paysagiste et horticulteur dipl\u00f4m\u00e9, il s&#8217;est sp\u00e9cialis\u00e9 dans la construction de piscines en pierre naturelle et l&#8217;am\u00e9nagement de<strong> jardins d&#8217;exception<\/strong>.<\/p>\n<\/div>\n<p><img decoding=\"async\" src=\"\/wp-content\/uploads\/2026\/03\/3.png\" alt=\"\"><\/p>\n<h2>Espaces verts<\/h2>\n<div>\n<p style=\"text-align: center;\">Cr\u00e9ation de jardins d&#8217;exception, terrasses, all\u00e9es en pierre naturelle, plantations, entretien et arrosage automatique.\u00a0<\/p>\n<\/div>\n<p>\n    <a href=\"https:\/\/miclogartenbau.ch\/en\/paysagistes\/\">D\u00e9couvrez nos prestations<\/a>\n<\/p>\n<p><img decoding=\"async\" src=\"\/wp-content\/uploads\/2026\/03\/Artboard-5.png\" alt=\"\"><\/p>\n<h2>Piscines<\/h2>\n<div>\n<p style=\"text-align: center;\">Piscines en b\u00e9ton rev\u00eatues de pierre naturelle. \u00c0 d\u00e9bordement, miroir ou traditionnelles, enti\u00e8rement sur mesure.<\/p>\n<\/div>\n<p>\n    <a href=\"https:\/\/miclogartenbau.ch\/en\/piscines\/\">D\u00e9couvrez nos piscines<\/a>\n<\/p>\n<p><img decoding=\"async\" src=\"\/wp-content\/uploads\/2024\/05\/IMG_2016.jpg\" alt=\"\"><\/p>\n<h2>Piscines en Pierre Naturelle<\/h2>\n<div>\n<p>La pierre naturelle est un mat\u00e9riau noble, 100% \u00e9cologique et r\u00e9sistant. C&#8217;est un produit esth\u00e9tique et durable qui offre toujours un rendu magnifique.<\/p>\n<p>La couleur de l&#8217;eau change en fonction du temps et de la lumi\u00e8re. Seule une piscine en pierre naturelle offre cet <strong>effet unique<\/strong>.<\/p>\n<\/div>\n<h3>18+<\/h3>\n<div>\n<p style=\"text-align: center;\">ANN\u00c9ES D&#8217;EXP\u00c9RIENCE<\/p>\n<\/div>\n<h3>100%<\/h3>\n<div>\n<p style=\"text-align: center;\">SUR MESURE<\/p>\n<\/div>\n<h2>Notre Philosophie<\/h2>\n<div>\n<p>&#8220;<strong>Chaque projet est unique, cr\u00e9\u00e9 avec vous et pour vous.<\/strong> Le paysage est le c\u0153ur de notre m\u00e9tier, la piscine en pierre naturelle en est la signature. Ensemble, nous cr\u00e9ons un jardin<strong>\u00a0<\/strong>qui vous ressemble<strong>.<\/strong>&#8220;<\/p>\n<\/div>\n<div>\n<p>\u2014 Marc Miclo, CEO &amp; Fondateur<\/p>\n<\/div>\n<h2>Pr\u00eat \u00e0 R\u00e9aliser Votre Projet ?<\/h2>\n<div>\n<p>Contactez-nous pour une consultation gratuite et d\u00e9couvrez comment nous pouvons transformer votre espace ext\u00e9rieur.<\/p>\n<\/div>\n<p>\n    <a href=\"https:\/\/miclogartenbau.ch\/en\/contact\/\">Contactez-nous<\/a>\n<\/p>\n<p><!--more--><br \/>\n<!-- {\"type\":\"layout\",\"children\":[{\"type\":\"section\",\"props\":{\"header_transparent\":true,\"header_transparent_text_color\":\"light\",\"image_position\":\"center-center\",\"overlap\":true,\"padding\":\"none\",\"padding_remove_horizontal\":false,\"preserve_color\":false,\"style\":\"primary\",\"title_breakpoint\":\"xl\",\"title_position\":\"top-left\",\"title_rotation\":\"left\",\"vertical_align\":\"middle\",\"width\":\"\"},\"children\":[{\"type\":\"row\",\"props\":{\"margin\":\"remove-vertical\"},\"children\":[{\"type\":\"column\",\"props\":{\"image_position\":\"center-center\",\"position_sticky_breakpoint\":\"m\",\"width_medium\":\"1-1\"},\"children\":[{\"type\":\"slideshow\",\"props\":{\"content_style\":\"h6\",\"image_loading\":true,\"link_style\":\"primary\",\"link_text\":\"Read more\",\"margin\":\"\",\"meta_align\":\"below-title\",\"meta_element\":\"div\",\"meta_style\":\"h1\",\"nav\":\"dotnav\",\"nav_align\":\"center\",\"nav_breakpoint\":\"\",\"nav_position\":\"bottom-center\",\"nav_position_margin\":\"medium\",\"overlay_animation\":\"parallax\",\"overlay_container\":\"default\",\"overlay_position\":\"center\",\"show_content\":true,\"show_link\":true,\"show_meta\":true,\"show_thumbnail\":true,\"show_title\":true,\"slidenav\":\"default\",\"slidenav_breakpoint\":\"m\",\"slidenav_margin\":\"medium\",\"slidenav_outside_breakpoint\":\"xl\",\"slideshow_autoplay\":true,\"slideshow_autoplay_interval\":\"4\",\"slideshow_autoplay_pause\":true,\"slideshow_kenburns\":\"center-right\",\"slideshow_kenburns_duration\":\"10\",\"slideshow_max_height\":\"850\",\"slideshow_min_height\":\"600\",\"slideshow_velocity\":\"0.4\",\"text_color\":\"light\",\"thumbnav_height\":\"75\",\"thumbnav_svg_color\":\"emphasis\",\"thumbnav_width\":\"100\",\"title_element\":\"h1\",\"title_margin\":\"medium\",\"title_style\":\"h1\"},\"children\":[{\"type\":\"slideshow_item\",\"props\":{\"content\":\"\n\n<p><span>18 ans d'expertise en construction de piscines et am\\u00e9nagement paysager.<\\\/span><\\\/p>\",\"image\":\"wp-content\\\/uploads\\\/2026\\\/02\\\/20190419_122145-scaled.jpg\",\"link\":\"contact\\\/\",\"link_text\":\"D\\u00e9marrer Votre Projet\",\"media_overlay\":\"rgba(0, 0, 0, 0.4)\",\"meta\":\"\",\"text_color\":\"light\",\"title\":\"Piscines & Jardins d'Exception \\u2014 R\\u00e9gion de B\\u00e2le\"}},{\"type\":\"slideshow_item\",\"props\":{\"content\":\"\n\n<p><span>18 ans d'expertise en construction de piscines et am\\u00e9nagement paysager.<\\\/span><\\\/p>\",\"image\":\"wp-content\\\/uploads\\\/2024\\\/05\\\/IMG_2003.jpg\",\"link\":\"contact\\\/\",\"link_text\":\"D\\u00e9marrer Votre Projet\",\"media_overlay\":\"rgba(0, 0, 0, 0.4)\",\"meta\":\"Piscines & Jardins d'Exception \\u2014 R\\u00e9gion de B\\u00e2le\",\"title\":\"\"}},{\"type\":\"slideshow_item\",\"props\":{\"content\":\"\n\n<p><span>18 ans d'expertise en construction de piscines et am\\u00e9nagement paysager.<\\\/span><\\\/p>\",\"image\":\"wp-content\\\/uploads\\\/2024\\\/02\\\/Miclo-Swimmbadbau-Basel-Bild15-scaled-1.jpg\",\"link\":\"contact\\\/\",\"link_text\":\"D\\u00e9marrer Votre Projet\",\"media_overlay\":\"rgba(0, 0, 0, 0.4)\",\"meta\":\"Piscines & Jardins d'Exception \\u2014 R\\u00e9gion de B\\u00e2le\",\"title\":\"\"}},{\"type\":\"slideshow_item\",\"props\":{\"content\":\"\n\n<p><span>18 ans d'expertise en construction de piscines et am\\u00e9nagement paysager.<\\\/span><\\\/p>\",\"image\":\"wp-content\\\/uploads\\\/2024\\\/02\\\/Miclo-Swimmbadbau-Basel-Bild7-1-scaled.jpg\",\"link\":\"contact\\\/\",\"link_text\":\"D\\u00e9marrer Votre Projet\",\"media_overlay\":\"rgba(0, 0, 0, 0.4)\",\"meta\":\"Piscines & Jardins d'Exception \\u2014 R\\u00e9gion de B\\u00e2le\",\"text_color\":\"light\",\"title\":\"\"}},{\"type\":\"slideshow_item\",\"props\":{\"content\":\"\n\n<p><span>18 ans d'expertise en construction de piscines et am\\u00e9nagement paysager.<\\\/span><\\\/p>\",\"image\":\"wp-content\\\/uploads\\\/2026\\\/02\\\/20230628_153225-scaled.jpg\",\"link\":\"contact\\\/\",\"link_text\":\"D\\u00e9marrer Votre Projet\",\"media_overlay\":\"rgba(0, 0, 0, 0.4)\",\"meta\":\"Piscines & Jardins d'Exception \\u2014 R\\u00e9gion de B\\u00e2le\",\"text_color\":\"light\",\"title\":\"\"}}]}]}]}]},{\"type\":\"section\",\"props\":{\"image_position\":\"center-center\",\"style\":\"default\",\"title_breakpoint\":\"xl\",\"title_position\":\"top-left\",\"title_rotation\":\"left\",\"vertical_align\":\"middle\",\"width\":\"default\"},\"children\":[{\"type\":\"row\",\"children\":[{\"type\":\"column\",\"props\":{\"image_position\":\"center-center\",\"position_sticky_breakpoint\":\"m\"},\"children\":[{\"type\":\"headline\",\"props\":{\"content\":\"Miclo Gartenbau \\u2014 Piscines &amp; Paysagisme\",\"text_align\":\"center\",\"title_color\":\"primary\",\"title_element\":\"h2\"}},{\"type\":\"text\",\"props\":{\"block_align\":\"center\",\"column_breakpoint\":\"m\",\"content\":\"\n\n<p>Riche de son <strong>exp\\u00e9rience et de sa passion<\\\/strong> depuis plus de 30 ans, Marc Miclo a fond\\u00e9 Miclo Gartenbau en 2008. Paysagiste et horticulteur dipl\\u00f4m\\u00e9, il s'est sp\\u00e9cialis\\u00e9 dans la construction de piscines en pierre naturelle et l'am\\u00e9nagement de<strong> jardins d'exception<\\\/strong>.<\\\/p>\",\"margin\":\"default\",\"maxwidth\":\"2xlarge\",\"text_align\":\"center\"}}]}]}]},{\"type\":\"section\",\"props\":{\"image_position\":\"center-center\",\"style\":\"muted\",\"title_breakpoint\":\"xl\",\"title_position\":\"top-left\",\"title_rotation\":\"left\",\"vertical_align\":\"middle\",\"width\":\"default\"},\"children\":[{\"type\":\"row\",\"props\":{\"divider\":true,\"layout\":\"1-2,1-2\"},\"children\":[{\"type\":\"column\",\"props\":{\"image_position\":\"center-center\",\"position_sticky_breakpoint\":\"m\",\"width_medium\":\"1-2\"},\"children\":[{\"type\":\"image\",\"props\":{\"image\":\"wp-content\\\/uploads\\\/2026\\\/03\\\/3.png\",\"image_height\":100,\"image_svg_color\":\"emphasis\",\"image_width\":100,\"margin\":\"default\",\"text_align\":\"center\"}},{\"type\":\"headline\",\"props\":{\"content\":\"Espaces verts\",\"text_align\":\"center\",\"title_color\":\"primary\",\"title_element\":\"h2\"}},{\"type\":\"text\",\"props\":{\"block_align\":\"center\",\"column_breakpoint\":\"m\",\"content\":\"\n\n<p style=\\\"text-align: center;\\\">Cr\\u00e9ation de jardins d'exception, terrasses, all\\u00e9es en pierre naturelle, plantations, entretien et arrosage automatique.\\u00a0<\\\/p>\",\"margin\":\"default\",\"maxwidth\":\"large\"}},{\"type\":\"button\",\"props\":{\"css\":\".el-content {\\nborder-radius:30px\\n}\",\"fullwidth\":false,\"grid_column_gap\":\"small\",\"grid_row_gap\":\"small\",\"margin\":\"default\",\"text_align\":\"center\"},\"children\":[{\"type\":\"button_item\",\"props\":{\"button_style\":\"primary\",\"content\":\"D\\u00e9couvrez nos prestations\",\"icon\":\"chevron-right\",\"icon_align\":\"left\",\"link\":\"paysagistes\\\/\"}}]}]},{\"type\":\"column\",\"props\":{\"image_position\":\"center-center\",\"position_sticky_breakpoint\":\"m\",\"width_medium\":\"1-2\"},\"children\":[{\"type\":\"image\",\"props\":{\"image\":\"wp-content\\\/uploads\\\/2026\\\/03\\\/Artboard-5.png\",\"image_height\":100,\"image_svg_color\":\"emphasis\",\"image_width\":100,\"margin\":\"default\",\"text_align\":\"center\"}},{\"type\":\"headline\",\"props\":{\"content\":\"Piscines\",\"text_align\":\"center\",\"title_color\":\"primary\",\"title_element\":\"h2\"}},{\"type\":\"text\",\"props\":{\"block_align\":\"center\",\"column_breakpoint\":\"m\",\"content\":\"\n\n<p style=\\\"text-align: center;\\\">Piscines en b\\u00e9ton rev\\u00eatues de pierre naturelle. \\u00c0 d\\u00e9bordement, miroir ou traditionnelles, enti\\u00e8rement sur mesure.<\\\/p>\",\"margin\":\"default\",\"maxwidth\":\"large\"}},{\"type\":\"button\",\"props\":{\"css\":\".el-content {\\nborder-radius:30px\\n}\",\"fullwidth\":false,\"grid_column_gap\":\"small\",\"grid_row_gap\":\"small\",\"margin\":\"default\",\"text_align\":\"center\"},\"children\":[{\"type\":\"button_item\",\"props\":{\"button_style\":\"primary\",\"content\":\"D\\u00e9couvrez nos piscines\",\"icon\":\"chevron-right\",\"icon_align\":\"left\",\"link\":\"piscines\\\/\"}}]}]}]}]},{\"type\":\"section\",\"props\":{\"image_position\":\"center-center\",\"style\":\"default\",\"title_breakpoint\":\"xl\",\"title_position\":\"top-left\",\"title_rotation\":\"left\",\"vertical_align\":\"middle\",\"width\":\"default\"},\"children\":[{\"type\":\"row\",\"props\":{\"layout\":\"1-2,1-2\"},\"children\":[{\"type\":\"column\",\"props\":{\"image_position\":\"center-center\",\"position_sticky_breakpoint\":\"m\",\"width_medium\":\"1-2\"},\"children\":[{\"type\":\"image\",\"props\":{\"css\":\".el-image {\\n\\tborder-radius:35px;\\n}\",\"image\":\"wp-content\\\/uploads\\\/2024\\\/05\\\/IMG_2016.jpg\",\"image_svg_color\":\"emphasis\",\"margin\":\"default\"}}]},{\"type\":\"column\",\"props\":{\"image_position\":\"center-center\",\"position_sticky_breakpoint\":\"m\",\"width_medium\":\"1-2\"},\"children\":[{\"type\":\"headline\",\"props\":{\"content\":\"Piscines en Pierre Naturelle\",\"title_color\":\"primary\",\"title_element\":\"h2\"}},{\"type\":\"text\",\"props\":{\"column_breakpoint\":\"m\",\"content\":\"\n\n<p>La pierre naturelle est un mat\\u00e9riau noble, 100% \\u00e9cologique et r\\u00e9sistant. C'est un produit esth\\u00e9tique et durable qui offre toujours un rendu magnifique.<\\\/p>\\n\n\n<p>La couleur de l'eau change en fonction du temps et de la lumi\\u00e8re. Seule une piscine en pierre naturelle offre cet <strong>effet unique<\\\/strong>.<\\\/p>\",\"margin\":\"default\"}},{\"type\":\"fragment\",\"props\":{\"margin\":\"default\"},\"children\":[{\"type\":\"row\",\"props\":{\"divider\":true,\"layout\":\"1-2,1-2\",\"width\":\"default\"},\"children\":[{\"type\":\"column\",\"props\":{\"image_position\":\"center-center\",\"position_sticky_breakpoint\":\"m\",\"width_medium\":\"1-2\"},\"children\":[{\"type\":\"headline\",\"props\":{\"content\":\"18+\",\"text_align\":\"center\",\"title_color\":\"primary\",\"title_element\":\"h3\"}},{\"type\":\"text\",\"props\":{\"column_breakpoint\":\"m\",\"content\":\"\n\n<p style=\\\"text-align: center;\\\">ANN\\u00c9ES D'EXP\\u00c9RIENCE<\\\/p>\",\"margin\":\"default\"}}]},{\"type\":\"column\",\"props\":{\"image_position\":\"center-center\",\"position_sticky_breakpoint\":\"m\",\"width_medium\":\"1-2\"},\"children\":[{\"type\":\"headline\",\"props\":{\"content\":\"100%\",\"text_align\":\"center\",\"title_color\":\"primary\",\"title_element\":\"h3\"}},{\"type\":\"text\",\"props\":{\"column_breakpoint\":\"m\",\"content\":\"\n\n<p style=\\\"text-align: center;\\\">SUR MESURE<\\\/p>\",\"margin\":\"default\"}}]}]}]}]}]}]},{\"type\":\"section\",\"props\":{\"image_position\":\"center-center\",\"style\":\"primary\",\"title_breakpoint\":\"xl\",\"title_position\":\"top-left\",\"title_rotation\":\"left\",\"vertical_align\":\"middle\",\"width\":\"default\"},\"children\":[{\"type\":\"row\",\"children\":[{\"type\":\"column\",\"props\":{\"image_position\":\"center-center\",\"position_sticky_breakpoint\":\"m\"},\"children\":[{\"type\":\"headline\",\"props\":{\"content\":\"Notre Philosophie\",\"text_align\":\"center\",\"title_element\":\"h2\"}},{\"type\":\"text\",\"props\":{\"block_align\":\"center\",\"column_breakpoint\":\"m\",\"content\":\"\n\n<p>\\\"<strong>Chaque projet est unique, cr\\u00e9\\u00e9 avec vous et pour vous.<\\\/strong> Le paysage est le c\\u0153ur de notre m\\u00e9tier, la piscine en pierre naturelle en est la signature. Ensemble, nous cr\\u00e9ons un jardin<strong>\\u00a0<\\\/strong>qui vous ressemble<strong>.<\\\/strong>\\\"<\\\/p>\",\"margin\":\"default\",\"maxwidth\":\"2xlarge\",\"text_align\":\"center\"}},{\"type\":\"text\",\"props\":{\"block_align\":\"center\",\"column_breakpoint\":\"m\",\"content\":\"\n\n<p>\\u2014 Marc Miclo, CEO &amp; Fondateur<\\\/p>\",\"margin\":\"default\",\"maxwidth\":\"2xlarge\",\"text_align\":\"center\"}}]}]}]},{\"type\":\"section\",\"props\":{\"image_position\":\"center-center\",\"style\":\"muted\",\"title_breakpoint\":\"xl\",\"title_position\":\"top-left\",\"title_rotation\":\"left\",\"vertical_align\":\"middle\",\"width\":\"default\"},\"children\":[{\"type\":\"row\",\"children\":[{\"type\":\"column\",\"props\":{\"image_position\":\"center-center\",\"position_sticky_breakpoint\":\"m\"},\"children\":[{\"type\":\"headline\",\"props\":{\"content\":\"Pr\\u00eat \\u00e0 R\\u00e9aliser Votre Projet ?\",\"text_align\":\"center\",\"title_color\":\"primary\",\"title_element\":\"h2\"}},{\"type\":\"text\",\"props\":{\"block_align\":\"center\",\"column_breakpoint\":\"m\",\"content\":\"\n\n<p>Contactez-nous pour une consultation gratuite et d\\u00e9couvrez comment nous pouvons transformer votre espace ext\\u00e9rieur.<\\\/p>\",\"margin\":\"default\",\"maxwidth\":\"2xlarge\",\"text_align\":\"center\"}},{\"type\":\"button\",\"props\":{\"button_size\":\"large\",\"css\":\".el-content {\\nborder-radius:30px\\n}\",\"grid_column_gap\":\"small\",\"grid_row_gap\":\"small\",\"margin\":\"default\",\"text_align\":\"center\"},\"children\":[{\"type\":\"button_item\",\"props\":{\"button_style\":\"primary\",\"content\":\"Contactez-nous\",\"icon\":\"commenting\",\"icon_align\":\"left\",\"link\":\"contact\\\/\"}}]}]}]}]}],\"version\":\"4.3.9\"} --><\/p>\n","protected":false},"excerpt":{"rendered":"<p>Piscines &#038; Jardins d&#8217;Exception \u2014 R\u00e9gion de B\u00e2le 18 ans d&#8217;expertise en construction de piscines et am\u00e9nagement paysager. D\u00e9marrer Votre Projet Piscines &#038; Jardins d&#8217;Exception \u2014 R\u00e9gion de B\u00e2le 18 ans d&#8217;expertise en construction de piscines et am\u00e9nagement paysager. D\u00e9marrer Votre Projet Piscines &#038; Jardins d&#8217;Exception \u2014 R\u00e9gion de B\u00e2le 18 ans d&#8217;expertise en construction [&hellip;]<\/p>\n","protected":false},"author":2,"featured_media":0,"parent":0,"menu_order":0,"comment_status":"closed","ping_status":"closed","template":"","meta":{"footnotes":""},"class_list":["post-1185","page","type-page","status-publish","hentry"],"yoast_head":"<!-- This site is optimized with the Yoast SEO plugin v26.2 - https:\/\/yoast.com\/wordpress\/plugins\/seo\/ -->\n<title>Home - Miclo Gartenbau<\/title>\n<meta name=\"robots\" content=\"index, follow, max-snippet:-1, max-image-preview:large, max-video-preview:-1\" \/>\n<link rel=\"canonical\" href=\"https:\/\/miclogartenbau.ch\/en\/home-2\/\" \/>\n<meta property=\"og:locale\" content=\"en_US\" \/>\n<meta property=\"og:type\" content=\"article\" \/>\n<meta property=\"og:title\" content=\"Home - Miclo Gartenbau\" \/>\n<meta property=\"og:description\" content=\"Piscines &#038; Jardins d&#8217;Exception \u2014 R\u00e9gion de B\u00e2le 18 ans d&#8217;expertise en construction de piscines et am\u00e9nagement paysager. D\u00e9marrer Votre Projet Piscines &#038; Jardins d&#8217;Exception \u2014 R\u00e9gion de B\u00e2le 18 ans d&#8217;expertise en construction de piscines et am\u00e9nagement paysager. D\u00e9marrer Votre Projet Piscines &#038; Jardins d&#8217;Exception \u2014 R\u00e9gion de B\u00e2le 18 ans d&#8217;expertise en construction [&hellip;]\" \/>\n<meta property=\"og:url\" content=\"https:\/\/miclogartenbau.ch\/en\/home-2\/\" \/>\n<meta property=\"og:site_name\" content=\"Miclo Gartenbau\" \/>\n<meta property=\"og:image\" content=\"https:\/\/miclogartenbau.ch\/wp-content\/uploads\/2026\/04\/miclo-gartenbau-logo.png\" \/>\n\t<meta property=\"og:image:width\" content=\"406\" \/>\n\t<meta property=\"og:image:height\" content=\"220\" \/>\n\t<meta property=\"og:image:type\" content=\"image\/png\" \/>\n<meta name=\"twitter:card\" content=\"summary_large_image\" \/>\n<meta name=\"twitter:label1\" content=\"Est. reading time\" \/>\n\t<meta name=\"twitter:data1\" content=\"2 minutes\" \/>\n<script type=\"application\/ld+json\" class=\"yoast-schema-graph\">{\"@context\":\"https:\/\/schema.org\",\"@graph\":[{\"@type\":\"WebPage\",\"@id\":\"https:\/\/miclogartenbau.ch\/en\/home-2\/\",\"url\":\"https:\/\/miclogartenbau.ch\/en\/home-2\/\",\"name\":\"Home - Miclo Gartenbau\",\"isPartOf\":{\"@id\":\"https:\/\/miclogartenbau.ch\/#website\"},\"datePublished\":\"2026-03-26T14:11:32+00:00\",\"breadcrumb\":{\"@id\":\"https:\/\/miclogartenbau.ch\/en\/home-2\/#breadcrumb\"},\"inLanguage\":\"en-US\",\"potentialAction\":[{\"@type\":\"ReadAction\",\"target\":[\"https:\/\/miclogartenbau.ch\/en\/home-2\/\"]}]},{\"@type\":\"BreadcrumbList\",\"@id\":\"https:\/\/miclogartenbau.ch\/en\/home-2\/#breadcrumb\",\"itemListElement\":[{\"@type\":\"ListItem\",\"position\":1,\"name\":\"Accueil\",\"item\":\"https:\/\/miclogartenbau.ch\/en\/home-2\/\"},{\"@type\":\"ListItem\",\"position\":2,\"name\":\"Home\"}]},{\"@type\":\"WebSite\",\"@id\":\"https:\/\/miclogartenbau.ch\/#website\",\"url\":\"https:\/\/miclogartenbau.ch\/\",\"name\":\"Miclo Gartenbau GmbH\",\"description\":\"Votre jardin, notre passion\",\"publisher\":{\"@id\":\"https:\/\/miclogartenbau.ch\/#organization\"},\"potentialAction\":[{\"@type\":\"SearchAction\",\"target\":{\"@type\":\"EntryPoint\",\"urlTemplate\":\"https:\/\/miclogartenbau.ch\/?s={search_term_string}\"},\"query-input\":{\"@type\":\"PropertyValueSpecification\",\"valueRequired\":true,\"valueName\":\"search_term_string\"}}],\"inLanguage\":\"en-US\"},{\"@type\":\"Organization\",\"@id\":\"https:\/\/miclogartenbau.ch\/#organization\",\"name\":\"Miclo Gartenbau GmbH\",\"url\":\"https:\/\/miclogartenbau.ch\/\",\"logo\":{\"@type\":\"ImageObject\",\"inLanguage\":\"en-US\",\"@id\":\"https:\/\/miclogartenbau.ch\/#\/schema\/logo\/image\/\",\"url\":\"https:\/\/miclogartenbau.ch\/wp-content\/uploads\/2026\/04\/cropped-miclo-short-logo.png\",\"contentUrl\":\"https:\/\/miclogartenbau.ch\/wp-content\/uploads\/2026\/04\/cropped-miclo-short-logo.png\",\"width\":512,\"height\":512,\"caption\":\"Miclo Gartenbau GmbH\"},\"image\":{\"@id\":\"https:\/\/miclogartenbau.ch\/#\/schema\/logo\/image\/\"},\"sameAs\":[\"https:\/\/www.instagram.com\/miclogartenbau\/\",\"https:\/\/share.google\/zepqLluHgwsRzPGvZ\"]}]}<\/script>\n<!-- \/ Yoast SEO plugin. -->","yoast_head_json":{"title":"Home - Miclo Gartenbau","robots":{"index":"index","follow":"follow","max-snippet":"max-snippet:-1","max-image-preview":"max-image-preview:large","max-video-preview":"max-video-preview:-1"},"canonical":"https:\/\/miclogartenbau.ch\/en\/home-2\/","og_locale":"en_US","og_type":"article","og_title":"Home - Miclo Gartenbau","og_description":"Piscines &#038; Jardins d&#8217;Exception \u2014 R\u00e9gion de B\u00e2le 18 ans d&#8217;expertise en construction de piscines et am\u00e9nagement paysager. D\u00e9marrer Votre Projet Piscines &#038; Jardins d&#8217;Exception \u2014 R\u00e9gion de B\u00e2le 18 ans d&#8217;expertise en construction de piscines et am\u00e9nagement paysager. D\u00e9marrer Votre Projet Piscines &#038; Jardins d&#8217;Exception \u2014 R\u00e9gion de B\u00e2le 18 ans d&#8217;expertise en construction [&hellip;]","og_url":"https:\/\/miclogartenbau.ch\/en\/home-2\/","og_site_name":"Miclo Gartenbau","og_image":[{"width":406,"height":220,"url":"https:\/\/miclogartenbau.ch\/wp-content\/uploads\/2026\/04\/miclo-gartenbau-logo.png","type":"image\/png"}],"twitter_card":"summary_large_image","twitter_misc":{"Est. reading time":"2 minutes"},"schema":{"@context":"https:\/\/schema.org","@graph":[{"@type":"WebPage","@id":"https:\/\/miclogartenbau.ch\/en\/home-2\/","url":"https:\/\/miclogartenbau.ch\/en\/home-2\/","name":"Home - Miclo Gartenbau","isPartOf":{"@id":"https:\/\/miclogartenbau.ch\/#website"},"datePublished":"2026-03-26T14:11:32+00:00","breadcrumb":{"@id":"https:\/\/miclogartenbau.ch\/en\/home-2\/#breadcrumb"},"inLanguage":"en-US","potentialAction":[{"@type":"ReadAction","target":["https:\/\/miclogartenbau.ch\/en\/home-2\/"]}]},{"@type":"BreadcrumbList","@id":"https:\/\/miclogartenbau.ch\/en\/home-2\/#breadcrumb","itemListElement":[{"@type":"ListItem","position":1,"name":"Accueil","item":"https:\/\/miclogartenbau.ch\/en\/home-2\/"},{"@type":"ListItem","position":2,"name":"Home"}]},{"@type":"WebSite","@id":"https:\/\/miclogartenbau.ch\/#website","url":"https:\/\/miclogartenbau.ch\/","name":"Miclo Gartenbau GmbH","description":"Votre jardin, notre passion","publisher":{"@id":"https:\/\/miclogartenbau.ch\/#organization"},"potentialAction":[{"@type":"SearchAction","target":{"@type":"EntryPoint","urlTemplate":"https:\/\/miclogartenbau.ch\/?s={search_term_string}"},"query-input":{"@type":"PropertyValueSpecification","valueRequired":true,"valueName":"search_term_string"}}],"inLanguage":"en-US"},{"@type":"Organization","@id":"https:\/\/miclogartenbau.ch\/#organization","name":"Miclo Gartenbau GmbH","url":"https:\/\/miclogartenbau.ch\/","logo":{"@type":"ImageObject","inLanguage":"en-US","@id":"https:\/\/miclogartenbau.ch\/#\/schema\/logo\/image\/","url":"https:\/\/miclogartenbau.ch\/wp-content\/uploads\/2026\/04\/cropped-miclo-short-logo.png","contentUrl":"https:\/\/miclogartenbau.ch\/wp-content\/uploads\/2026\/04\/cropped-miclo-short-logo.png","width":512,"height":512,"caption":"Miclo Gartenbau GmbH"},"image":{"@id":"https:\/\/miclogartenbau.ch\/#\/schema\/logo\/image\/"},"sameAs":["https:\/\/www.instagram.com\/miclogartenbau\/","https:\/\/share.google\/zepqLluHgwsRzPGvZ"]}]}},"_links":{"self":[{"href":"https:\/\/miclogartenbau.ch\/en\/wp-json\/wp\/v2\/pages\/1185","targetHints":{"allow":["GET"]}}],"collection":[{"href":"https:\/\/miclogartenbau.ch\/en\/wp-json\/wp\/v2\/pages"}],"about":[{"href":"https:\/\/miclogartenbau.ch\/en\/wp-json\/wp\/v2\/types\/page"}],"author":[{"embeddable":true,"href":"https:\/\/miclogartenbau.ch\/en\/wp-json\/wp\/v2\/users\/2"}],"replies":[{"embeddable":true,"href":"https:\/\/miclogartenbau.ch\/en\/wp-json\/wp\/v2\/comments?post=1185"}],"version-history":[{"count":0,"href":"https:\/\/miclogartenbau.ch\/en\/wp-json\/wp\/v2\/pages\/1185\/revisions"}],"wp:attachment":[{"href":"https:\/\/miclogartenbau.ch\/en\/wp-json\/wp\/v2\/media?parent=1185"}],"curies":[{"name":"wp","href":"https:\/\/api.w.org\/{rel}","templated":true}]}}