{"id":1196,"date":"2024-02-19T15:04:47","date_gmt":"2024-02-19T14:04:47","guid":{"rendered":"https:\/\/miclogartenbau.ch\/contact\/"},"modified":"2024-02-19T15:04:47","modified_gmt":"2024-02-19T14:04:47","slug":"contact","status":"publish","type":"page","link":"https:\/\/miclogartenbau.ch\/en\/contact\/","title":{"rendered":"Contact"},"content":{"rendered":"<h1>CONTACT<\/h1>\n<h2>Contactez-nous<\/h2>\n<hr>\n<h3>Miclo Gartenbau GmbH<\/h3>\n<ul>\n<li>\n<div>\n<p>Poolstrasse 12d<br \/>4414 F\u00fcllinsdorf<\/p>\n<\/div>\n<\/li>\n<li>\n<div>\n<p><a href=\"tel:+41798311209\">+41 79 831 12 09<\/a><\/p>\n<\/div>\n<\/li>\n<li>\n<div>\n<p><a href=\"mailto:info@miclogartenbau.ch\">info@miclogartenbau.ch<\/a><\/p>\n<\/div>\n<\/li>\n<li>\n<div>\n<p>Lundi \u2013 Vendredi : 07h00 \u2013 17h00<\/p>\n<\/div>\n<\/li>\n<\/ul>\n<div>\n<p>Vous avez un projet de piscine, de jardin ou d&#8217;entretien dans la r\u00e9gion b\u00e2loise ou en Suisse ?<br \/>Contactez-nous pour une premi\u00e8re consultation sans engagement.<\/p>\n<\/div>\n<p><img decoding=\"async\" src=\"\/wp-content\/uploads\/2024\/05\/IMG_2016.jpg\" alt=\"\"><\/p>\n<h2>Envie de changement ?<\/h2>\n<hr>\n<div>Contactez-nous pour obtenir des informations et un devis.<\/div>\n<p>\n    <a href=\"mailto: \tinfo@miclogartenbau.ch\">E-Mail<\/a>\n<\/p>\n<h2>Zone d&#8217;intervention<\/h2>\n<div>\n<p>Nous intervenons dans les cantons de Basel-Stadt et Basel-Landschaft \u2014 Arlesheim, Reinach, Allschwil, Binningen, Riehen, Oberwil, Therwil \u2014 ainsi que dans les cantons de Solothurn et Argovie. Nous pouvons \u00e9galement nous d\u00e9placer jusqu&#8217;\u00e0 Z\u00fcrich et Bern sur demande.<\/p>\n<p>Nous intervenons en fran\u00e7ais et en allemand.<\/p>\n<\/div>\n<div>\n<p>    <iframe src=\"https:\/\/www.google.com\/maps\/embed?pb=!1m18!1m12!1m3!1d3501.3949830438846!2d180!3d28.64788975654116!2m3!1f0!2f0!3f0!3m2!1i1024!2i768!4f13.1!3m3!1m2!1s0x4791b5f30dc7f4e1%3A0x257e5aa894ade602!2s!5e0!3m2!1sfr!2sde!4v1775589755443!5m2!1sfr!2sde\" width=\"100%\" height=\"450\" style=\"border-radius:20px;\" allowfullscreen=\"\" loading=\"lazy\" referrerpolicy=\"no-referrer-when-downgrade\"><\/iframe>\n<\/div>\n<p><!--more--><br \/>\n<!-- {\"type\":\"layout\",\"children\":[{\"name\":\"Hero\",\"type\":\"section\",\"props\":{\"height\":\"pixels\",\"height_viewport\":350,\"image\":\"wp-content\\\/uploads\\\/2026\\\/01\\\/20230628_153244-scaled.jpg\",\"image_position\":\"center-center\",\"padding_remove_top\":true,\"style\":\"default\",\"text_color\":\"light\",\"title_breakpoint\":\"xl\",\"title_position\":\"center-right\",\"title_rotation\":\"left\",\"vertical_align\":\"bottom\",\"width\":\"expand\"},\"children\":[{\"type\":\"row\",\"children\":[{\"type\":\"column\",\"props\":{\"image_position\":\"center-center\",\"position_sticky_breakpoint\":\"m\"},\"children\":[{\"type\":\"headline\",\"props\":{\"content\":\"CONTACT\",\"text_align\":\"center\",\"title_element\":\"h1\",\"title_style\":\"heading-xlarge\"}}]}]}]},{\"name\":\"Contact\",\"type\":\"section\",\"props\":{\"image_position\":\"center-center\",\"style\":\"default\",\"title_breakpoint\":\"xl\",\"title_position\":\"top-left\",\"title_rotation\":\"left\",\"vertical_align\":\"middle\",\"width\":\"small\"},\"children\":[{\"type\":\"row\",\"children\":[{\"type\":\"column\",\"props\":{\"image_position\":\"center-center\",\"position_sticky_breakpoint\":\"m\",\"width_small\":\"1-1\"},\"children\":[{\"type\":\"headline\",\"props\":{\"content\":\"Contactez-nous\",\"text_align_breakpoint\":\"s\",\"text_align_fallback\":\"center\",\"title_element\":\"h2\",\"title_style\":\"h1\"}},{\"type\":\"divider\",\"props\":{\"divider_element\":\"hr\",\"maxwidth\":\"small\"}},{\"type\":\"headline\",\"props\":{\"content\":\"Miclo Gartenbau GmbH\",\"title_element\":\"h3\"}},{\"type\":\"grid\",\"props\":{\"content_column_breakpoint\":\"m\",\"filter_align\":\"left\",\"filter_all\":true,\"filter_grid_breakpoint\":\"m\",\"filter_grid_width\":\"auto\",\"filter_position\":\"top\",\"filter_style\":\"tab\",\"grid_default\":\"1\",\"grid_medium\":\"\",\"grid_small\":\"4\",\"icon_width\":80,\"image_align\":\"top\",\"image_grid_breakpoint\":\"m\",\"image_grid_width\":\"1-2\",\"image_svg_color\":\"emphasis\",\"item_animation\":true,\"link_style\":\"default\",\"link_text\":\"Read more\",\"margin\":\"large\",\"meta_align\":\"below-content\",\"meta_element\":\"div\",\"meta_style\":\"\",\"parallax_easing\":\"1\",\"show_content\":true,\"show_image\":true,\"show_link\":true,\"show_meta\":true,\"show_title\":true,\"text_align\":\"center\",\"text_align_fallback\":\"center\",\"title_align\":\"top\",\"title_element\":\"h3\",\"title_grid_breakpoint\":\"m\",\"title_grid_width\":\"1-2\",\"title_hover_style\":\"reset\"},\"children\":[{\"type\":\"grid_item\",\"props\":{\"content\":\"\n\n<p>Poolstrasse 12d<br \\\/>4414 F\\u00fcllinsdorf<\\\/p>\",\"icon\":\"home\",\"meta\":\"\",\"title\":\"\"}},{\"type\":\"grid_item\",\"props\":{\"content\":\"\n\n<p><a href=\\\"tel:+41798311209\\\">+41 79 831 12 09<\\\/a><\\\/p>\",\"icon\":\"whatsapp\"}},{\"type\":\"grid_item\",\"props\":{\"content\":\"\n\n<p><a href=\\\"mailto:info@miclogartenbau.ch\\\">info@miclogartenbau.ch<\\\/a><\\\/p>\",\"icon\":\"mail\"}},{\"type\":\"grid_item\",\"props\":{\"content\":\"\n\n<p>Lundi \\u2013 Vendredi : 07h00 \\u2013 17h00<\\\/p>\",\"icon\":\"clock\"}}]},{\"type\":\"text\",\"props\":{\"column_breakpoint\":\"m\",\"content\":\"\n\n<p>Vous avez un projet de piscine, de jardin ou d'entretien dans la r\\u00e9gion b\\u00e2loise ou en Suisse ?<br \\\/>Contactez-nous pour une premi\\u00e8re consultation sans engagement.<\\\/p>\",\"margin\":\"default\"}}]}]}]},{\"name\":\"Call to Action\",\"type\":\"section\",\"props\":{\"image_position\":\"center-center\",\"style\":\"default\",\"title_breakpoint\":\"xl\",\"title_position\":\"top-left\",\"title_rotation\":\"left\",\"vertical_align\":\"middle\",\"width\":\"xlarge\"},\"children\":[{\"type\":\"row\",\"props\":{\"column_gap\":\"large\",\"layout\":\"2-3,1-3\",\"row_gap\":\"large\",\"vertical_align\":true,\"width\":\"expand\"},\"children\":[{\"type\":\"column\",\"props\":{\"image_position\":\"center-center\",\"position_sticky_breakpoint\":\"m\",\"vertical_align\":\"middle\",\"width_medium\":\"2-3\"},\"children\":[{\"type\":\"image\",\"props\":{\"css\":\".el-image {\\nborder-radius: 35px;\\n}\",\"image\":\"wp-content\\\/uploads\\\/2024\\\/05\\\/IMG_2016.jpg\",\"image_svg_color\":\"emphasis\",\"image_width\":\"1130\",\"margin\":\"default\"}}]},{\"type\":\"column\",\"props\":{\"image_position\":\"center-center\",\"position_sticky_breakpoint\":\"m\",\"vertical_align\":\"middle\",\"width_medium\":\"1-3\"},\"children\":[{\"type\":\"headline\",\"props\":{\"content\":\"Envie de changement ?\",\"title_element\":\"h2\",\"title_style\":\"heading-small\"}},{\"type\":\"divider\",\"props\":{\"divider_element\":\"hr\",\"maxwidth\":\"small\"}},{\"type\":\"text\",\"props\":{\"column_breakpoint\":\"m\",\"content\":\"Contactez-nous pour obtenir des informations et un devis.\",\"margin\":\"medium\",\"maxwidth\":\"large\"}},{\"type\":\"button\",\"props\":{\"grid_column_gap\":\"small\",\"grid_row_gap\":\"small\",\"margin\":\"default\"},\"children\":[{\"type\":\"button_item\",\"props\":{\"button_style\":\"default\",\"content\":\"E-Mail\",\"icon_align\":\"left\",\"link\":\"mailto: \\tinfo@miclogartenbau.ch\"}}]}]}]}]},{\"type\":\"section\",\"props\":{\"image_position\":\"center-center\",\"style\":\"primary\",\"title_breakpoint\":\"xl\",\"title_position\":\"top-left\",\"title_rotation\":\"left\",\"vertical_align\":\"middle\",\"width\":\"default\"},\"children\":[{\"type\":\"row\",\"children\":[{\"type\":\"column\",\"props\":{\"image_position\":\"center-center\",\"position_sticky_breakpoint\":\"m\"},\"children\":[{\"type\":\"headline\",\"props\":{\"content\":\"Zone d'intervention\",\"title_element\":\"h2\"}},{\"type\":\"text\",\"props\":{\"column_breakpoint\":\"m\",\"content\":\"\n\n<p>Nous intervenons dans les cantons de Basel-Stadt et Basel-Landschaft \\u2014 Arlesheim, Reinach, Allschwil, Binningen, Riehen, Oberwil, Therwil \\u2014 ainsi que dans les cantons de Solothurn et Argovie. Nous pouvons \\u00e9galement nous d\\u00e9placer jusqu'\\u00e0 Z\\u00fcrich et Bern sur demande.<\\\/p>\\n\n\n<p>Nous intervenons en fran\\u00e7ais et en allemand.<\\\/p>\",\"margin\":\"default\"}}]}]}]},{\"type\":\"section\",\"props\":{\"image_position\":\"center-center\",\"style\":\"default\",\"title_breakpoint\":\"xl\",\"title_position\":\"top-left\",\"title_rotation\":\"left\",\"vertical_align\":\"middle\",\"width\":\"default\"},\"children\":[{\"type\":\"row\",\"children\":[{\"type\":\"column\",\"props\":{\"image_position\":\"center-center\",\"position_sticky_breakpoint\":\"m\"},\"children\":[{\"type\":\"html\",\"props\":{\"content\":\"<iframe src=\\\"https:\\\/\\\/www.google.com\\\/maps\\\/embed?pb=!1m18!1m12!1m3!1d3501.3949830438846!2d180!3d28.64788975654116!2m3!1f0!2f0!3f0!3m2!1i1024!2i768!4f13.1!3m3!1m2!1s0x4791b5f30dc7f4e1%3A0x257e5aa894ade602!2s!5e0!3m2!1sfr!2sde!4v1775589755443!5m2!1sfr!2sde\\\" width=\\\"100%\\\" height=\\\"450\\\" style=\\\"border-radius:20px;\\\" allowfullscreen=\\\"\\\" loading=\\\"lazy\\\" referrerpolicy=\\\"no-referrer-when-downgrade\\\"><\\\/iframe>\"}}]}]}]}],\"version\":\"4.3.9\"} --><\/p>\n","protected":false},"excerpt":{"rendered":"<p>CONTACT Contactez-nous Miclo Gartenbau GmbH Poolstrasse 12d4414 F\u00fcllinsdorf +41 79 831 12 09 info@miclogartenbau.ch Lundi \u2013 Vendredi : 07h00 \u2013 17h00 Vous avez un projet de piscine, de jardin ou d&#8217;entretien dans la r\u00e9gion b\u00e2loise ou en Suisse ?Contactez-nous pour une premi\u00e8re consultation sans engagement. Envie de changement ? Contactez-nous pour obtenir des informations et [&hellip;]<\/p>\n","protected":false},"author":1,"featured_media":0,"parent":0,"menu_order":0,"comment_status":"closed","ping_status":"closed","template":"","meta":{"footnotes":""},"class_list":["post-1196","page","type-page","status-publish","hentry"],"yoast_head":"<!-- This site is optimized with the Yoast SEO plugin v26.2 - https:\/\/yoast.com\/wordpress\/plugins\/seo\/ -->\n<title>Contact - Miclo Gartenbau<\/title>\n<meta name=\"robots\" content=\"index, follow, max-snippet:-1, max-image-preview:large, max-video-preview:-1\" \/>\n<link rel=\"canonical\" href=\"https:\/\/miclogartenbau.ch\/en\/contact\/\" \/>\n<meta property=\"og:locale\" content=\"en_US\" \/>\n<meta property=\"og:type\" content=\"article\" \/>\n<meta property=\"og:title\" content=\"Contact - Miclo Gartenbau\" \/>\n<meta property=\"og:description\" content=\"CONTACT Contactez-nous Miclo Gartenbau GmbH Poolstrasse 12d4414 F\u00fcllinsdorf +41 79 831 12 09 info@miclogartenbau.ch Lundi \u2013 Vendredi : 07h00 \u2013 17h00 Vous avez un projet de piscine, de jardin ou d&#8217;entretien dans la r\u00e9gion b\u00e2loise ou en Suisse ?Contactez-nous pour une premi\u00e8re consultation sans engagement. Envie de changement ? Contactez-nous pour obtenir des informations et [&hellip;]\" \/>\n<meta property=\"og:url\" content=\"https:\/\/miclogartenbau.ch\/en\/contact\/\" \/>\n<meta property=\"og:site_name\" content=\"Miclo Gartenbau\" \/>\n<meta property=\"og:image\" content=\"https:\/\/miclogartenbau.ch\/wp-content\/uploads\/2026\/04\/miclo-gartenbau-logo.png\" \/>\n\t<meta property=\"og:image:width\" content=\"406\" \/>\n\t<meta property=\"og:image:height\" content=\"220\" \/>\n\t<meta property=\"og:image:type\" content=\"image\/png\" \/>\n<meta name=\"twitter:card\" content=\"summary_large_image\" \/>\n<meta name=\"twitter:label1\" content=\"Est. reading time\" \/>\n\t<meta name=\"twitter:data1\" content=\"1 minute\" \/>\n<script type=\"application\/ld+json\" class=\"yoast-schema-graph\">{\"@context\":\"https:\/\/schema.org\",\"@graph\":[{\"@type\":\"WebPage\",\"@id\":\"https:\/\/miclogartenbau.ch\/en\/contact\/\",\"url\":\"https:\/\/miclogartenbau.ch\/en\/contact\/\",\"name\":\"Contact - Miclo Gartenbau\",\"isPartOf\":{\"@id\":\"https:\/\/miclogartenbau.ch\/#website\"},\"datePublished\":\"2024-02-19T14:04:47+00:00\",\"breadcrumb\":{\"@id\":\"https:\/\/miclogartenbau.ch\/en\/contact\/#breadcrumb\"},\"inLanguage\":\"en-US\",\"potentialAction\":[{\"@type\":\"ReadAction\",\"target\":[\"https:\/\/miclogartenbau.ch\/en\/contact\/\"]}]},{\"@type\":\"BreadcrumbList\",\"@id\":\"https:\/\/miclogartenbau.ch\/en\/contact\/#breadcrumb\",\"itemListElement\":[{\"@type\":\"ListItem\",\"position\":1,\"name\":\"Accueil\",\"item\":\"https:\/\/miclogartenbau.ch\/en\/home-2\/\"},{\"@type\":\"ListItem\",\"position\":2,\"name\":\"Contact\"}]},{\"@type\":\"WebSite\",\"@id\":\"https:\/\/miclogartenbau.ch\/#website\",\"url\":\"https:\/\/miclogartenbau.ch\/\",\"name\":\"Miclo Gartenbau GmbH\",\"description\":\"Votre jardin, notre passion\",\"publisher\":{\"@id\":\"https:\/\/miclogartenbau.ch\/#organization\"},\"potentialAction\":[{\"@type\":\"SearchAction\",\"target\":{\"@type\":\"EntryPoint\",\"urlTemplate\":\"https:\/\/miclogartenbau.ch\/?s={search_term_string}\"},\"query-input\":{\"@type\":\"PropertyValueSpecification\",\"valueRequired\":true,\"valueName\":\"search_term_string\"}}],\"inLanguage\":\"en-US\"},{\"@type\":\"Organization\",\"@id\":\"https:\/\/miclogartenbau.ch\/#organization\",\"name\":\"Miclo Gartenbau GmbH\",\"url\":\"https:\/\/miclogartenbau.ch\/\",\"logo\":{\"@type\":\"ImageObject\",\"inLanguage\":\"en-US\",\"@id\":\"https:\/\/miclogartenbau.ch\/#\/schema\/logo\/image\/\",\"url\":\"https:\/\/miclogartenbau.ch\/wp-content\/uploads\/2026\/04\/cropped-miclo-short-logo.png\",\"contentUrl\":\"https:\/\/miclogartenbau.ch\/wp-content\/uploads\/2026\/04\/cropped-miclo-short-logo.png\",\"width\":512,\"height\":512,\"caption\":\"Miclo Gartenbau GmbH\"},\"image\":{\"@id\":\"https:\/\/miclogartenbau.ch\/#\/schema\/logo\/image\/\"},\"sameAs\":[\"https:\/\/www.instagram.com\/miclogartenbau\/\",\"https:\/\/share.google\/zepqLluHgwsRzPGvZ\"]}]}<\/script>\n<!-- \/ Yoast SEO plugin. -->","yoast_head_json":{"title":"Contact - Miclo Gartenbau","robots":{"index":"index","follow":"follow","max-snippet":"max-snippet:-1","max-image-preview":"max-image-preview:large","max-video-preview":"max-video-preview:-1"},"canonical":"https:\/\/miclogartenbau.ch\/en\/contact\/","og_locale":"en_US","og_type":"article","og_title":"Contact - Miclo Gartenbau","og_description":"CONTACT Contactez-nous Miclo Gartenbau GmbH Poolstrasse 12d4414 F\u00fcllinsdorf +41 79 831 12 09 info@miclogartenbau.ch Lundi \u2013 Vendredi : 07h00 \u2013 17h00 Vous avez un projet de piscine, de jardin ou d&#8217;entretien dans la r\u00e9gion b\u00e2loise ou en Suisse ?Contactez-nous pour une premi\u00e8re consultation sans engagement. Envie de changement ? Contactez-nous pour obtenir des informations et [&hellip;]","og_url":"https:\/\/miclogartenbau.ch\/en\/contact\/","og_site_name":"Miclo Gartenbau","og_image":[{"width":406,"height":220,"url":"https:\/\/miclogartenbau.ch\/wp-content\/uploads\/2026\/04\/miclo-gartenbau-logo.png","type":"image\/png"}],"twitter_card":"summary_large_image","twitter_misc":{"Est. reading time":"1 minute"},"schema":{"@context":"https:\/\/schema.org","@graph":[{"@type":"WebPage","@id":"https:\/\/miclogartenbau.ch\/en\/contact\/","url":"https:\/\/miclogartenbau.ch\/en\/contact\/","name":"Contact - Miclo Gartenbau","isPartOf":{"@id":"https:\/\/miclogartenbau.ch\/#website"},"datePublished":"2024-02-19T14:04:47+00:00","breadcrumb":{"@id":"https:\/\/miclogartenbau.ch\/en\/contact\/#breadcrumb"},"inLanguage":"en-US","potentialAction":[{"@type":"ReadAction","target":["https:\/\/miclogartenbau.ch\/en\/contact\/"]}]},{"@type":"BreadcrumbList","@id":"https:\/\/miclogartenbau.ch\/en\/contact\/#breadcrumb","itemListElement":[{"@type":"ListItem","position":1,"name":"Accueil","item":"https:\/\/miclogartenbau.ch\/en\/home-2\/"},{"@type":"ListItem","position":2,"name":"Contact"}]},{"@type":"WebSite","@id":"https:\/\/miclogartenbau.ch\/#website","url":"https:\/\/miclogartenbau.ch\/","name":"Miclo Gartenbau GmbH","description":"Votre jardin, notre passion","publisher":{"@id":"https:\/\/miclogartenbau.ch\/#organization"},"potentialAction":[{"@type":"SearchAction","target":{"@type":"EntryPoint","urlTemplate":"https:\/\/miclogartenbau.ch\/?s={search_term_string}"},"query-input":{"@type":"PropertyValueSpecification","valueRequired":true,"valueName":"search_term_string"}}],"inLanguage":"en-US"},{"@type":"Organization","@id":"https:\/\/miclogartenbau.ch\/#organization","name":"Miclo Gartenbau GmbH","url":"https:\/\/miclogartenbau.ch\/","logo":{"@type":"ImageObject","inLanguage":"en-US","@id":"https:\/\/miclogartenbau.ch\/#\/schema\/logo\/image\/","url":"https:\/\/miclogartenbau.ch\/wp-content\/uploads\/2026\/04\/cropped-miclo-short-logo.png","contentUrl":"https:\/\/miclogartenbau.ch\/wp-content\/uploads\/2026\/04\/cropped-miclo-short-logo.png","width":512,"height":512,"caption":"Miclo Gartenbau GmbH"},"image":{"@id":"https:\/\/miclogartenbau.ch\/#\/schema\/logo\/image\/"},"sameAs":["https:\/\/www.instagram.com\/miclogartenbau\/","https:\/\/share.google\/zepqLluHgwsRzPGvZ"]}]}},"_links":{"self":[{"href":"https:\/\/miclogartenbau.ch\/en\/wp-json\/wp\/v2\/pages\/1196","targetHints":{"allow":["GET"]}}],"collection":[{"href":"https:\/\/miclogartenbau.ch\/en\/wp-json\/wp\/v2\/pages"}],"about":[{"href":"https:\/\/miclogartenbau.ch\/en\/wp-json\/wp\/v2\/types\/page"}],"author":[{"embeddable":true,"href":"https:\/\/miclogartenbau.ch\/en\/wp-json\/wp\/v2\/users\/1"}],"replies":[{"embeddable":true,"href":"https:\/\/miclogartenbau.ch\/en\/wp-json\/wp\/v2\/comments?post=1196"}],"version-history":[{"count":0,"href":"https:\/\/miclogartenbau.ch\/en\/wp-json\/wp\/v2\/pages\/1196\/revisions"}],"wp:attachment":[{"href":"https:\/\/miclogartenbau.ch\/en\/wp-json\/wp\/v2\/media?parent=1196"}],"curies":[{"name":"wp","href":"https:\/\/api.w.org\/{rel}","templated":true}]}}