{"id":1204,"date":"2024-02-04T16:24:21","date_gmt":"2024-02-04T15:24:21","guid":{"rendered":"https:\/\/miclogartenbau.ch\/a-propos-de-nous\/"},"modified":"2026-04-24T21:16:32","modified_gmt":"2026-04-24T19:16:32","slug":"about-us","status":"publish","type":"page","link":"https:\/\/miclogartenbau.ch\/en\/about-us\/","title":{"rendered":"About us"},"content":{"rendered":"<h1>Miclo Gartenbau \u2014 Pisciniste et paysagiste professionnel depuis 2008<\/h1>\n<div>\u00c0 propos de nous <\/div>\n<div>\n<p data-start=\"58\" data-end=\"301\">Sp\u00e9cialis\u00e9 dans la pierre naturelle ainsi que les am\u00e9nagements paysagers de tout genre, Miclo Gartenbau donne vie \u00e0 vos r\u00eaves.<br data-start=\"184\" data-end=\"187\" \/>Notre objectif : transformer vos ext\u00e9rieurs en v\u00e9ritables lieux de vie, o\u00f9 il fait bon se retrouver et profiter au fil des saisons.<\/p>\n<\/div>\n<p><img decoding=\"async\" src=\"\/wp-content\/uploads\/2024\/05\/IMG_2016.jpg\" alt=\"\"><\/p>\n<h2>Votre projet de piscine est unique, con\u00e7u avec vous et pour vous.<\/h2>\n<div>\n<p>Tout mettre en oeuvre pour vous apporter les joies de la baignade, du partage avec votre famille et vos amis dans un lieu exceptionnel de convivialit\u00e9. Notre priorit\u00e9 est la satisfaction de tous nos clients gr\u00e2ce \u00e0 un travail et des produits de haute qualit\u00e9. Nous construisons des piscines sur mesure, 100% b\u00e9ton, rev\u00eatues de pierre naturelle. Nos piscines sont design, familiales, enterr\u00e9es, hors sol, \u00e0 d\u00e9bordement ou miroir.<\/p>\n<\/div>\n<div>Notre histoire<\/div>\n<h2>Tout a commenc\u00e9 en 2008<\/h2>\n<p><img decoding=\"async\" src=\"\/wp-content\/uploads\/2024\/02\/Miclo-Swimmbadbau-Basel-Bild18-scaled-1.jpg\" alt=\"\"><br \/>\n<img decoding=\"async\" src=\"\/wp-content\/uploads\/2024\/02\/Miclo-Swimmbadbau-Basel-Bild10-scaled-1.jpg\" alt=\"\"><\/p>\n<ul>\n<li>\n<p><img decoding=\"async\" src=\"\/wp-content\/uploads\/2024\/02\/Miclo-Schwimmbadbau-Basel-009-1-scaled.jpg\" alt=\"\"><\/p>\n<\/li>\n<li>\n<p><img decoding=\"async\" src=\"\/wp-content\/uploads\/2024\/02\/Miclo-Swimmbadbau-Basel-Bild18-scaled-1.jpg\" alt=\"\"><\/p>\n<\/li>\n<\/ul>\n<div>\n<p>&#8221; Le paysage est notre activit\u00e9 principale depuis 2008, la construction de piscines venant dans un deuxi\u00e8me temps. L&#8217;entreprise est notamment sp\u00e9cialis\u00e9e dans la taille et la pose de pierres naturelles, un mat\u00e9riau noble et robuste. Miclo Gartenbau GmbH propose des piscines cl\u00e9s en main, sans sous-traitance. Nous ne construisons jamais deux fois la m\u00eame piscine. Miclo Gartenbau vous conseille pour une int\u00e9gration esth\u00e9tique en tenant compte de la globalit\u00e9 de votre am\u00e9nagement paysager. &#8220;<\/p>\n<\/div>\n<p><img decoding=\"async\" src=\"\/wp-content\/uploads\/2024\/02\/Miclo-Schwimmbadbau-Basel-003-1-scaled.jpg\" alt=\"\"><\/p>\n<blockquote>\n<p>    Miclogartenbau, votre partenaire pour les piscines, l&#8217;horticulture et l&#8217;entretien des jardins \u00e0 B\u00e2le, B\u00e2le-Ville, B\u00e2le-Campagne, Argovie et r\u00e9gion<\/p>\n<footer>\n<p>        Marc Miclo<\/p>\n<\/footer>\n<\/blockquote>\n<p><!--more--><br \/>\n<!-- {\"type\":\"layout\",\"children\":[{\"type\":\"section\",\"props\":{\"height\":\"pixels\",\"height_viewport\":350,\"image\":\"wp-content\\\/uploads\\\/2026\\\/03\\\/20181015_160818-scaled.jpg\",\"image_position\":\"center-center\",\"media_background\":\"#000000\",\"media_overlay\":\"rgba(255, 255, 255, 0.82)\",\"style\":\"default\",\"title_breakpoint\":\"xl\",\"title_position\":\"top-left\",\"title_rotation\":\"left\",\"vertical_align\":\"middle\",\"width\":\"default\"},\"children\":[{\"type\":\"row\",\"children\":[{\"type\":\"column\",\"props\":{\"image_position\":\"center-center\",\"position_sticky_breakpoint\":\"m\"},\"children\":[{\"type\":\"headline\",\"props\":{\"content\":\"Miclo Gartenbau \\u2014 Pisciniste et paysagiste professionnel depuis 2008\",\"text_align\":\"center\",\"title_element\":\"h1\"}}]}]}]},{\"type\":\"section\",\"props\":{\"header_transparent_noplaceholder\":false,\"height\":\"viewport\",\"height_offset_top\":true,\"image_position\":\"center-center\",\"image_size\":\"cover\",\"image_width\":\"2560\",\"overlap\":false,\"style\":\"default\",\"title_breakpoint\":\"xl\",\"title_position\":\"top-left\",\"title_rotation\":\"left\",\"vertical_align\":\"middle\",\"width\":\"xlarge\"},\"children\":[{\"type\":\"row\",\"props\":{\"column_gap\":\"large\",\"divider\":false,\"layout\":\"1-2,1-2\",\"margin_remove_bottom\":false,\"row_gap\":\"large\"},\"children\":[{\"type\":\"column\",\"props\":{\"image_position\":\"center-center\",\"image_size\":\"contain\",\"position_sticky_breakpoint\":\"m\",\"vertical_align\":\"middle\",\"width_medium\":\"1-2\"},\"children\":[{\"type\":\"headline\",\"props\":{\"block_align\":\"center\",\"content\":\"\\u00c0 propos de nous \",\"margin\":\"remove-vertical\",\"maxwidth\":\"xlarge\",\"text_align\":\"left\",\"text_align_breakpoint\":\"m\",\"text_align_fallback\":\"center\",\"title_element\":\"div\",\"title_font_family\":\"tertiary\",\"title_style\":\"h1\"}},{\"type\":\"headline\",\"props\":{\"animation\":\"none\",\"block_align\":\"center\",\"content\":\"\n\n<p data-start=\\\"58\\\" data-end=\\\"301\\\">Sp\\u00e9cialis\\u00e9 dans la pierre naturelle ainsi que les am\\u00e9nagements paysagers de tout genre, Miclo Gartenbau donne vie \\u00e0 vos r\\u00eaves.<br data-start=\\\"184\\\" data-end=\\\"187\\\" \\\/>Notre objectif : transformer vos ext\\u00e9rieurs en v\\u00e9ritables lieux de vie, o\\u00f9 il fait bon se retrouver et profiter au fil des saisons.<\\\/p>\",\"margin\":\"small\",\"maxwidth\":\"xlarge\",\"parallax_breakpoint\":\"s\",\"parallax_easing\":\"1\",\"parallax_y\":\"0,-5vh\",\"text_align\":\"left\",\"text_align_breakpoint\":\"m\",\"text_align_fallback\":\"center\",\"title_element\":\"div\",\"title_style\":\"h3\"}}]},{\"type\":\"column\",\"props\":{\"image_position\":\"center-center\",\"order_first\":\"m\",\"position_sticky_breakpoint\":\"m\",\"vertical_align\":\"middle\",\"width_medium\":\"1-2\"},\"children\":[{\"type\":\"image\",\"props\":{\"block_align\":\"center\",\"block_align_breakpoint\":\"m\",\"css\":\".el-image {\\n\\tborder-radius:35px;\\n}\",\"image\":\"wp-content\\\/uploads\\\/2024\\\/05\\\/IMG_2016.jpg\",\"image_loading\":true,\"image_svg_color\":\"emphasis\",\"image_width\":\"700\",\"margin\":\"default\",\"maxwidth_breakpoint\":\"m\",\"parallax_breakpoint\":\"s\",\"text_align\":\"center\"}}]}]}],\"name\":\"Hero\"},{\"type\":\"section\",\"props\":{\"image_position\":\"center-center\",\"style\":\"primary\",\"title_breakpoint\":\"xl\",\"title_position\":\"top-left\",\"title_rotation\":\"left\",\"vertical_align\":\"middle\",\"width\":\"default\"},\"children\":[{\"type\":\"row\",\"children\":[{\"type\":\"column\",\"props\":{\"image_position\":\"center-center\",\"position_sticky_breakpoint\":\"m\"},\"children\":[{\"type\":\"headline\",\"props\":{\"animation\":\"parallax\",\"content\":\"Votre projet de piscine est unique, con\\u00e7u avec vous et pour vous.\",\"title_element\":\"h2\"}},{\"type\":\"text\",\"props\":{\"animation\":\"parallax\",\"column\":\"1-2\",\"column_breakpoint\":\"m\",\"content\":\"\n\n<p>Tout mettre en oeuvre pour vous apporter les joies de la baignade, du partage avec votre famille et vos amis dans un lieu exceptionnel de convivialit\\u00e9. Notre priorit\\u00e9 est la satisfaction de tous nos clients gr\\u00e2ce \\u00e0 un travail et des produits de haute qualit\\u00e9. Nous construisons des piscines sur mesure, 100% b\\u00e9ton, rev\\u00eatues de pierre naturelle. Nos piscines sont design, familiales, enterr\\u00e9es, hors sol, \\u00e0 d\\u00e9bordement ou miroir.<\\\/p>\",\"dropcap\":true,\"margin\":\"default\",\"text_style\":\"lead\"}}]}]}]},{\"type\":\"section\",\"props\":{\"image_position\":\"center-center\",\"style\":\"default\",\"title_breakpoint\":\"xl\",\"title_position\":\"top-left\",\"title_rotation\":\"left\",\"vertical_align\":\"middle\",\"width\":\"large\"},\"children\":[{\"type\":\"row\",\"props\":{\"column_gap\":\"large\",\"layout\":\"1-2,1-2\",\"row_gap\":\"large\"},\"children\":[{\"type\":\"column\",\"props\":{\"image_position\":\"center-center\",\"position_sticky_breakpoint\":\"m\",\"width_medium\":\"1-2\"},\"children\":[{\"type\":\"headline\",\"props\":{\"content\":\"Notre histoire\",\"margin\":\"small\",\"title_element\":\"div\",\"title_font_family\":\"tertiary\",\"title_style\":\"h3\"}},{\"type\":\"headline\",\"props\":{\"content\":\"Tout a commenc\\u00e9 en 2008\",\"margin\":\"remove-vertical\",\"margin_remove_bottom\":false,\"margin_remove_top\":false,\"maxwidth\":\"large\",\"title_element\":\"h2\",\"title_style\":\"heading-small\"}},{\"type\":\"image\",\"props\":{\"animation\":\"parallax\",\"block_align_breakpoint\":\"m\",\"block_align_fallback\":\"center\",\"css\":\".el-image {\\n\\tborder-radius:35px;\\n}\",\"image\":\"wp-content\\\/uploads\\\/2024\\\/02\\\/Miclo-Swimmbadbau-Basel-Bild18-scaled-1.jpg\",\"image_box_decoration\":\"default\",\"image_box_decoration_inverse\":true,\"image_svg_color\":\"emphasis\",\"image_width\":\"900\",\"margin\":\"xlarge\",\"maxwidth\":\"xlarge\",\"parallax_easing\":\"1\",\"parallax_y\":\"10vh,5vh\",\"visibility\":\"m\"}}]},{\"type\":\"column\",\"props\":{\"image_position\":\"center-center\",\"order_first\":\"m\",\"position_sticky_breakpoint\":\"m\",\"width_medium\":\"1-2\"},\"children\":[{\"type\":\"image\",\"props\":{\"animation\":\"parallax\",\"css\":\".el-image {\\n\\tborder-radius:35px;\\n}\",\"image\":\"wp-content\\\/uploads\\\/2024\\\/02\\\/Miclo-Swimmbadbau-Basel-Bild10-scaled-1.jpg\",\"image_box_decoration\":\"default\",\"image_box_decoration_inverse\":true,\"image_svg_color\":\"emphasis\",\"image_width\":\"900\",\"margin\":\"default\",\"parallax_easing\":\"1\",\"parallax_y\":\"-2vh,-6vh\",\"visibility\":\"m\"}},{\"type\":\"grid\",\"props\":{\"content_column_breakpoint\":\"m\",\"css\":\".el-image {\\n\\tborder-radius:35px;\\n}\",\"filter_align\":\"left\",\"filter_all\":true,\"filter_grid_breakpoint\":\"m\",\"filter_grid_width\":\"auto\",\"filter_position\":\"top\",\"filter_style\":\"tab\",\"grid_default\":\"1\",\"grid_medium\":\"\",\"grid_small\":\"2\",\"icon_width\":80,\"image_align\":\"top\",\"image_box_decoration\":\"default\",\"image_box_decoration_inverse\":true,\"image_grid_breakpoint\":\"m\",\"image_grid_width\":\"1-2\",\"image_svg_color\":\"emphasis\",\"item_animation\":true,\"link_style\":\"default\",\"link_text\":\"Read more\",\"margin\":\"default\",\"meta_align\":\"below-title\",\"meta_element\":\"div\",\"meta_style\":\"text-meta\",\"parallax_easing\":\"1\",\"show_content\":true,\"show_image\":true,\"show_link\":true,\"show_meta\":true,\"show_title\":true,\"title_align\":\"top\",\"title_element\":\"h3\",\"title_grid_breakpoint\":\"m\",\"title_grid_width\":\"1-2\",\"title_hover_style\":\"reset\",\"visibility\":\"hidden-m\"},\"children\":[{\"type\":\"grid_item\",\"props\":{\"image\":\"wp-content\\\/uploads\\\/2024\\\/02\\\/Miclo-Schwimmbadbau-Basel-009-1-scaled.jpg\"}},{\"type\":\"grid_item\",\"props\":{\"image\":\"wp-content\\\/uploads\\\/2024\\\/02\\\/Miclo-Swimmbadbau-Basel-Bild18-scaled-1.jpg\"}}]},{\"type\":\"text\",\"props\":{\"block_align\":\"center\",\"column_breakpoint\":\"m\",\"content\":\"\n\n<p>\\\" Le paysage est notre activit\\u00e9 principale depuis 2008, la construction de piscines venant dans un deuxi\\u00e8me temps. L'entreprise est notamment sp\\u00e9cialis\\u00e9e dans la taille et la pose de pierres naturelles, un mat\\u00e9riau noble et robuste. Miclo Gartenbau GmbH propose des piscines cl\\u00e9s en main, sans sous-traitance. Nous ne construisons jamais deux fois la m\\u00eame piscine. Miclo Gartenbau vous conseille pour une int\\u00e9gration esth\\u00e9tique en tenant compte de la globalit\\u00e9 de votre am\\u00e9nagement paysager. \\\"<\\\/p>\",\"margin\":\"large\",\"maxwidth\":\"xlarge\"}}]}]},{\"type\":\"row\",\"props\":{\"margin\":\"large\",\"width\":\"small\"},\"children\":[{\"type\":\"column\",\"props\":{\"image\":\"wp-content\\\/uploads\\\/badge-bg-02.svg\",\"image_effect\":\"parallax\",\"image_parallax_bgx\":\"-3vw,-3vw\",\"image_parallax_bgy\":\"0,-4vh\",\"image_parallax_breakpoint\":\"s\",\"image_parallax_easing\":\"0.7\",\"image_position\":\"bottom-right\",\"media_visibility\":\"s\",\"position_sticky_breakpoint\":\"m\",\"width_medium\":\"1-1\"},\"children\":[{\"type\":\"image\",\"props\":{\"animation\":\"parallax\",\"css\":\".el-image {\\n\\tborder-radius:35px;\\n}\",\"image\":\"wp-content\\\/uploads\\\/2024\\\/02\\\/Miclo-Schwimmbadbau-Basel-003-1-scaled.jpg\",\"image_svg_color\":\"emphasis\",\"image_width\":\"670\",\"link_target\":\"modal\",\"margin\":\"default\",\"text_align\":\"center\"}}]}]}],\"name\":\"About\"},{\"type\":\"section\",\"props\":{\"image\":\"wp-content\\\/uploads\\\/2024\\\/02\\\/Miclo-Swimmbadbau-Basel-Bild18-scaled-1.jpg\",\"image_effect\":\"parallax\",\"image_parallax_bgy\":\"5vh,-10vh\",\"image_parallax_breakpoint\":\"s\",\"image_parallax_easing\":\"1\",\"image_position\":\"center-center\",\"image_size\":\"cover\",\"image_width\":\"2560\",\"padding\":\"xlarge\",\"style\":\"default\",\"title_breakpoint\":\"xl\",\"title_position\":\"top-left\",\"title_rotation\":\"left\",\"vertical_align\":\"middle\",\"width\":\"large\"},\"children\":[{\"type\":\"row\",\"props\":{\"layout\":\"1-2,1-2\"},\"children\":[{\"type\":\"column\",\"props\":{\"image_position\":\"center-center\",\"position_sticky_breakpoint\":\"m\",\"width_medium\":\"1-2\"}},{\"type\":\"column\",\"props\":{\"image_position\":\"center-center\",\"padding\":\"large\",\"position_sticky_breakpoint\":\"m\",\"style\":\"tile-default\",\"vertical_align\":\"middle\",\"width_medium\":\"1-2\"},\"children\":[{\"type\":\"quotation\",\"props\":{\"content\":\"Miclogartenbau, votre partenaire pour les piscines, l'horticulture et l'entretien des jardins \\u00e0 B\\u00e2le, B\\u00e2le-Ville, B\\u00e2le-Campagne, Argovie et r\\u00e9gion\",\"footer\":\"Marc Miclo\",\"text_align\":\"center\"}}]}]}],\"name\":\"Quote\"}],\"version\":\"4.3.9\"} --><\/p>\n","protected":false},"excerpt":{"rendered":"<p>Miclo Gartenbau \u2014 Pisciniste et paysagiste professionnel depuis 2008 \u00c0 propos de nous Sp\u00e9cialis\u00e9 dans la pierre naturelle ainsi que les am\u00e9nagements paysagers de tout genre, Miclo Gartenbau donne vie \u00e0 vos r\u00eaves.Notre objectif : transformer vos ext\u00e9rieurs en v\u00e9ritables lieux de vie, o\u00f9 il fait bon se retrouver et profiter au fil des saisons. [&hellip;]<\/p>\n","protected":false},"author":1,"featured_media":0,"parent":0,"menu_order":0,"comment_status":"closed","ping_status":"closed","template":"","meta":{"footnotes":""},"class_list":["post-1204","page","type-page","status-publish","hentry"],"yoast_head":"<!-- This site is optimized with the Yoast SEO plugin v26.2 - https:\/\/yoast.com\/wordpress\/plugins\/seo\/ -->\n<title>Miclo Gartenbau : 18 ans d&#039;Expertise Piscine &amp; Paysage<\/title>\n<meta name=\"description\" content=\"Marc Miclo, paysagiste dipl\u00f4m\u00e9 et sp\u00e9cialiste piscines pierre naturelle. Entreprise familiale bas\u00e9e \u00e0 B\u00e2le. Projets cl\u00e9 en main sans sous-traitance.\" \/>\n<meta name=\"robots\" content=\"index, follow, max-snippet:-1, max-image-preview:large, max-video-preview:-1\" \/>\n<link rel=\"canonical\" href=\"https:\/\/miclogartenbau.ch\/en\/about-us\/\" \/>\n<meta property=\"og:locale\" content=\"en_US\" \/>\n<meta property=\"og:type\" content=\"article\" \/>\n<meta property=\"og:title\" content=\"Miclo Gartenbau : 18 ans d&#039;Expertise Piscine &amp; Paysage\" \/>\n<meta property=\"og:description\" content=\"Marc Miclo, paysagiste dipl\u00f4m\u00e9 et sp\u00e9cialiste piscines pierre naturelle. Entreprise familiale bas\u00e9e \u00e0 B\u00e2le. Projets cl\u00e9 en main sans sous-traitance.\" \/>\n<meta property=\"og:url\" content=\"https:\/\/miclogartenbau.ch\/en\/about-us\/\" \/>\n<meta property=\"og:site_name\" content=\"Miclo Gartenbau\" \/>\n<meta property=\"article:modified_time\" content=\"2026-04-24T19:16:32+00:00\" \/>\n<meta property=\"og:image\" content=\"https:\/\/miclogartenbau.ch\/wp-content\/uploads\/2026\/04\/miclo-gartenbau-logo.png\" \/>\n\t<meta property=\"og:image:width\" content=\"406\" \/>\n\t<meta property=\"og:image:height\" content=\"220\" \/>\n\t<meta property=\"og:image:type\" content=\"image\/png\" \/>\n<meta name=\"twitter:card\" content=\"summary_large_image\" \/>\n<meta name=\"twitter:label1\" content=\"Est. reading time\" \/>\n\t<meta name=\"twitter:data1\" content=\"3 minutes\" \/>\n<script type=\"application\/ld+json\" class=\"yoast-schema-graph\">{\"@context\":\"https:\/\/schema.org\",\"@graph\":[{\"@type\":[\"WebPage\",\"AboutPage\"],\"@id\":\"https:\/\/miclogartenbau.ch\/en\/about-us\/\",\"url\":\"https:\/\/miclogartenbau.ch\/en\/about-us\/\",\"name\":\"Miclo Gartenbau : 18 ans d'Expertise Piscine & Paysage\",\"isPartOf\":{\"@id\":\"https:\/\/miclogartenbau.ch\/#website\"},\"datePublished\":\"2024-02-04T15:24:21+00:00\",\"dateModified\":\"2026-04-24T19:16:32+00:00\",\"description\":\"Marc Miclo, paysagiste dipl\u00f4m\u00e9 et sp\u00e9cialiste piscines pierre naturelle. Entreprise familiale bas\u00e9e \u00e0 B\u00e2le. Projets cl\u00e9 en main sans sous-traitance.\",\"breadcrumb\":{\"@id\":\"https:\/\/miclogartenbau.ch\/en\/about-us\/#breadcrumb\"},\"inLanguage\":\"en-US\",\"potentialAction\":[{\"@type\":\"ReadAction\",\"target\":[\"https:\/\/miclogartenbau.ch\/en\/about-us\/\"]}]},{\"@type\":\"BreadcrumbList\",\"@id\":\"https:\/\/miclogartenbau.ch\/en\/about-us\/#breadcrumb\",\"itemListElement\":[{\"@type\":\"ListItem\",\"position\":1,\"name\":\"Accueil\",\"item\":\"https:\/\/miclogartenbau.ch\/en\/home-2\/\"},{\"@type\":\"ListItem\",\"position\":2,\"name\":\"A propos\"}]},{\"@type\":\"WebSite\",\"@id\":\"https:\/\/miclogartenbau.ch\/#website\",\"url\":\"https:\/\/miclogartenbau.ch\/\",\"name\":\"Miclo Gartenbau GmbH\",\"description\":\"Votre jardin, notre passion\",\"publisher\":{\"@id\":\"https:\/\/miclogartenbau.ch\/#organization\"},\"potentialAction\":[{\"@type\":\"SearchAction\",\"target\":{\"@type\":\"EntryPoint\",\"urlTemplate\":\"https:\/\/miclogartenbau.ch\/?s={search_term_string}\"},\"query-input\":{\"@type\":\"PropertyValueSpecification\",\"valueRequired\":true,\"valueName\":\"search_term_string\"}}],\"inLanguage\":\"en-US\"},{\"@type\":\"Organization\",\"@id\":\"https:\/\/miclogartenbau.ch\/#organization\",\"name\":\"Miclo Gartenbau GmbH\",\"url\":\"https:\/\/miclogartenbau.ch\/\",\"logo\":{\"@type\":\"ImageObject\",\"inLanguage\":\"en-US\",\"@id\":\"https:\/\/miclogartenbau.ch\/#\/schema\/logo\/image\/\",\"url\":\"https:\/\/miclogartenbau.ch\/wp-content\/uploads\/2026\/04\/cropped-miclo-short-logo.png\",\"contentUrl\":\"https:\/\/miclogartenbau.ch\/wp-content\/uploads\/2026\/04\/cropped-miclo-short-logo.png\",\"width\":512,\"height\":512,\"caption\":\"Miclo Gartenbau GmbH\"},\"image\":{\"@id\":\"https:\/\/miclogartenbau.ch\/#\/schema\/logo\/image\/\"},\"sameAs\":[\"https:\/\/www.instagram.com\/miclogartenbau\/\",\"https:\/\/share.google\/zepqLluHgwsRzPGvZ\"]}]}<\/script>\n<!-- \/ Yoast SEO plugin. -->","yoast_head_json":{"title":"Miclo Gartenbau : 18 ans d'Expertise Piscine & Paysage","description":"Marc Miclo, paysagiste dipl\u00f4m\u00e9 et sp\u00e9cialiste piscines pierre naturelle. Entreprise familiale bas\u00e9e \u00e0 B\u00e2le. Projets cl\u00e9 en main sans sous-traitance.","robots":{"index":"index","follow":"follow","max-snippet":"max-snippet:-1","max-image-preview":"max-image-preview:large","max-video-preview":"max-video-preview:-1"},"canonical":"https:\/\/miclogartenbau.ch\/en\/about-us\/","og_locale":"en_US","og_type":"article","og_title":"Miclo Gartenbau : 18 ans d'Expertise Piscine & Paysage","og_description":"Marc Miclo, paysagiste dipl\u00f4m\u00e9 et sp\u00e9cialiste piscines pierre naturelle. Entreprise familiale bas\u00e9e \u00e0 B\u00e2le. Projets cl\u00e9 en main sans sous-traitance.","og_url":"https:\/\/miclogartenbau.ch\/en\/about-us\/","og_site_name":"Miclo Gartenbau","article_modified_time":"2026-04-24T19:16:32+00:00","og_image":[{"width":406,"height":220,"url":"https:\/\/miclogartenbau.ch\/wp-content\/uploads\/2026\/04\/miclo-gartenbau-logo.png","type":"image\/png"}],"twitter_card":"summary_large_image","twitter_misc":{"Est. reading time":"3 minutes"},"schema":{"@context":"https:\/\/schema.org","@graph":[{"@type":["WebPage","AboutPage"],"@id":"https:\/\/miclogartenbau.ch\/en\/about-us\/","url":"https:\/\/miclogartenbau.ch\/en\/about-us\/","name":"Miclo Gartenbau : 18 ans d'Expertise Piscine & Paysage","isPartOf":{"@id":"https:\/\/miclogartenbau.ch\/#website"},"datePublished":"2024-02-04T15:24:21+00:00","dateModified":"2026-04-24T19:16:32+00:00","description":"Marc Miclo, paysagiste dipl\u00f4m\u00e9 et sp\u00e9cialiste piscines pierre naturelle. Entreprise familiale bas\u00e9e \u00e0 B\u00e2le. Projets cl\u00e9 en main sans sous-traitance.","breadcrumb":{"@id":"https:\/\/miclogartenbau.ch\/en\/about-us\/#breadcrumb"},"inLanguage":"en-US","potentialAction":[{"@type":"ReadAction","target":["https:\/\/miclogartenbau.ch\/en\/about-us\/"]}]},{"@type":"BreadcrumbList","@id":"https:\/\/miclogartenbau.ch\/en\/about-us\/#breadcrumb","itemListElement":[{"@type":"ListItem","position":1,"name":"Accueil","item":"https:\/\/miclogartenbau.ch\/en\/home-2\/"},{"@type":"ListItem","position":2,"name":"A propos"}]},{"@type":"WebSite","@id":"https:\/\/miclogartenbau.ch\/#website","url":"https:\/\/miclogartenbau.ch\/","name":"Miclo Gartenbau GmbH","description":"Votre jardin, notre passion","publisher":{"@id":"https:\/\/miclogartenbau.ch\/#organization"},"potentialAction":[{"@type":"SearchAction","target":{"@type":"EntryPoint","urlTemplate":"https:\/\/miclogartenbau.ch\/?s={search_term_string}"},"query-input":{"@type":"PropertyValueSpecification","valueRequired":true,"valueName":"search_term_string"}}],"inLanguage":"en-US"},{"@type":"Organization","@id":"https:\/\/miclogartenbau.ch\/#organization","name":"Miclo Gartenbau GmbH","url":"https:\/\/miclogartenbau.ch\/","logo":{"@type":"ImageObject","inLanguage":"en-US","@id":"https:\/\/miclogartenbau.ch\/#\/schema\/logo\/image\/","url":"https:\/\/miclogartenbau.ch\/wp-content\/uploads\/2026\/04\/cropped-miclo-short-logo.png","contentUrl":"https:\/\/miclogartenbau.ch\/wp-content\/uploads\/2026\/04\/cropped-miclo-short-logo.png","width":512,"height":512,"caption":"Miclo Gartenbau GmbH"},"image":{"@id":"https:\/\/miclogartenbau.ch\/#\/schema\/logo\/image\/"},"sameAs":["https:\/\/www.instagram.com\/miclogartenbau\/","https:\/\/share.google\/zepqLluHgwsRzPGvZ"]}]}},"_links":{"self":[{"href":"https:\/\/miclogartenbau.ch\/en\/wp-json\/wp\/v2\/pages\/1204","targetHints":{"allow":["GET"]}}],"collection":[{"href":"https:\/\/miclogartenbau.ch\/en\/wp-json\/wp\/v2\/pages"}],"about":[{"href":"https:\/\/miclogartenbau.ch\/en\/wp-json\/wp\/v2\/types\/page"}],"author":[{"embeddable":true,"href":"https:\/\/miclogartenbau.ch\/en\/wp-json\/wp\/v2\/users\/1"}],"replies":[{"embeddable":true,"href":"https:\/\/miclogartenbau.ch\/en\/wp-json\/wp\/v2\/comments?post=1204"}],"version-history":[{"count":1,"href":"https:\/\/miclogartenbau.ch\/en\/wp-json\/wp\/v2\/pages\/1204\/revisions"}],"predecessor-version":[{"id":1324,"href":"https:\/\/miclogartenbau.ch\/en\/wp-json\/wp\/v2\/pages\/1204\/revisions\/1324"}],"wp:attachment":[{"href":"https:\/\/miclogartenbau.ch\/en\/wp-json\/wp\/v2\/media?parent=1204"}],"curies":[{"name":"wp","href":"https:\/\/api.w.org\/{rel}","templated":true}]}}